{"id":151,"date":"2021-06-28T16:18:03","date_gmt":"2021-06-28T14:18:03","guid":{"rendered":"http:\/\/afb26.org\/?page_id=151"},"modified":"2024-07-11T10:11:48","modified_gmt":"2024-07-11T08:11:48","slug":"location-de-scooters-et-voiture","status":"publish","type":"page","link":"https:\/\/afb26.org\/?page_id=151","title":{"rendered":"Mise \u00e0 disposition de v\u00e9hicules"},"content":{"rendered":"<div class=\"wp-block-image\">\n<figure class=\"aligncenter size-large\"><img loading=\"lazy\" decoding=\"async\" width=\"724\" height=\"1024\" src=\"https:\/\/afb26.org\/wp-content\/uploads\/2024\/07\/velo-electrique2-724x1024.png\" alt=\"\" class=\"wp-image-5094\" srcset=\"https:\/\/afb26.org\/wp-content\/uploads\/2024\/07\/velo-electrique2-724x1024.png 724w, https:\/\/afb26.org\/wp-content\/uploads\/2024\/07\/velo-electrique2-212x300.png 212w, https:\/\/afb26.org\/wp-content\/uploads\/2024\/07\/velo-electrique2-768x1086.png 768w, https:\/\/afb26.org\/wp-content\/uploads\/2024\/07\/velo-electrique2-1086x1536.png 1086w, https:\/\/afb26.org\/wp-content\/uploads\/2024\/07\/velo-electrique2.png 1414w\" sizes=\"auto, (max-width: 724px) 100vw, 724px\" \/><\/figure>\n<\/div>\n\n<div class=\"wp-block-image\">\n<figure class=\"aligncenter size-full is-resized\"><img decoding=\"async\" src=\"https:\/\/afb26.org\/wp-content\/uploads\/2022\/04\/Affiche-MAD-vehicules-2022.jpg\" alt=\"\" class=\"wp-image-2343\" width=\"800\"\/><\/figure>\n<\/div>\n\n\n<div class=\"wp-block-columns is-layout-flex wp-container-core-columns-is-layout-9d6595d7 wp-block-columns-is-layout-flex\">\n<div class=\"wp-block-column is-layout-flow wp-block-column-is-layout-flow\"><\/div>\n<\/div>\n\n\n\n<h3 class=\"wp-block-heading has-text-align-center has-large-font-size\" id=\"pour-plus-d-informations-contactez-le-04-75-28-17-28-ou-par-mail-a-secretariat-afb26-org\" style=\"font-style:normal;font-weight:600;line-height:1.8\">Pour plus d\u2019informations, connaitre votre \u00e9ligibilit\u00e9<\/h3>\n\n\n\n<p class=\"has-text-align-center has-suki-color-1-color has-text-color\" id=\"pour-plus-d-informations-contactez-le-04-75-28-17-28-ou-par-mail-a-secretariat-afb26-org\">contactez le&nbsp;<em><strong>04 75 28 17 28<\/strong><\/em>&nbsp;<br>ou par mail \u00e0&nbsp;<strong>accueil@afb26.org<\/strong><\/p>\n\n\n\n<h5 class=\"wp-block-heading has-text-align-center has-suki-color-2-color has-text-color has-medium-font-size\">Retour sur 2022<\/h5>\n\n\n\n<div class=\"wp-block-columns is-layout-flex wp-container-core-columns-is-layout-9d6595d7 wp-block-columns-is-layout-flex\">\n<div class=\"wp-block-column is-layout-flow wp-block-column-is-layout-flow\"><div class=\"wp-block-image\">\n<figure class=\"aligncenter size-large\"><img loading=\"lazy\" decoding=\"async\" width=\"724\" height=\"1024\" src=\"https:\/\/afb26.org\/wp-content\/uploads\/2023\/07\/MAD-Scooter-724x1024.jpg\" alt=\"\" class=\"wp-image-3891\" srcset=\"https:\/\/afb26.org\/wp-content\/uploads\/2023\/07\/MAD-Scooter-724x1024.jpg 724w, https:\/\/afb26.org\/wp-content\/uploads\/2023\/07\/MAD-Scooter-212x300.jpg 212w, https:\/\/afb26.org\/wp-content\/uploads\/2023\/07\/MAD-Scooter-768x1086.jpg 768w, https:\/\/afb26.org\/wp-content\/uploads\/2023\/07\/MAD-Scooter-1086x1536.jpg 1086w, https:\/\/afb26.org\/wp-content\/uploads\/2023\/07\/MAD-Scooter-1448x2048.jpg 1448w, https:\/\/afb26.org\/wp-content\/uploads\/2023\/07\/MAD-Scooter-scaled.jpg 1810w\" sizes=\"auto, (max-width: 724px) 100vw, 724px\" \/><\/figure>\n<\/div>\n\n\n<p><\/p>\n<\/div>\n<\/div>\n","protected":false},"excerpt":{"rendered":"<p>Pour plus d\u2019informations, connaitre votre \u00e9ligibilit\u00e9 contactez le&nbsp;04 75 28 17 28&nbsp;ou par mail \u00e0&nbsp;accueil@afb26.org Retour sur 2022<\/p>\n","protected":false},"author":5,"featured_media":0,"parent":2163,"menu_order":0,"comment_status":"closed","ping_status":"closed","template":"","meta":{"footnotes":""},"class_list":["post-151","page","type-page","status-publish","hentry"],"_links":{"self":[{"href":"https:\/\/afb26.org\/index.php?rest_route=\/wp\/v2\/pages\/151","targetHints":{"allow":["GET"]}}],"collection":[{"href":"https:\/\/afb26.org\/index.php?rest_route=\/wp\/v2\/pages"}],"about":[{"href":"https:\/\/afb26.org\/index.php?rest_route=\/wp\/v2\/types\/page"}],"author":[{"embeddable":true,"href":"https:\/\/afb26.org\/index.php?rest_route=\/wp\/v2\/users\/5"}],"replies":[{"embeddable":true,"href":"https:\/\/afb26.org\/index.php?rest_route=%2Fwp%2Fv2%2Fcomments&post=151"}],"version-history":[{"count":38,"href":"https:\/\/afb26.org\/index.php?rest_route=\/wp\/v2\/pages\/151\/revisions"}],"predecessor-version":[{"id":5118,"href":"https:\/\/afb26.org\/index.php?rest_route=\/wp\/v2\/pages\/151\/revisions\/5118"}],"up":[{"embeddable":true,"href":"https:\/\/afb26.org\/index.php?rest_route=\/wp\/v2\/pages\/2163"}],"wp:attachment":[{"href":"https:\/\/afb26.org\/index.php?rest_route=%2Fwp%2Fv2%2Fmedia&parent=151"}],"curies":[{"name":"wp","href":"https:\/\/api.w.org\/{rel}","templated":true}]}}