{"id":1828,"date":"2022-03-17T17:03:22","date_gmt":"2022-03-17T16:03:22","guid":{"rendered":"http:\/\/afb26.org\/?page_id=1828"},"modified":"2025-12-04T15:08:15","modified_gmt":"2025-12-04T14:08:15","slug":"pour-regler-sa-facture","status":"publish","type":"page","link":"https:\/\/afb26.org\/?page_id=1828","title":{"rendered":"Pour r\u00e9gler sa facture"},"content":{"rendered":"\n<h2 class=\"wp-block-heading\">Pour r\u00e9gler sa facture<\/h2>\n\n\n\n<p>vous pouvez r\u00e9gler vos factures du chat bott\u00e9 par virement bancaire. Voici le RIB de l&#8217;Association Familiale des Baronnies :<\/p>\n\n\n\n<p><strong>Code banque : 13906 &#8211; Code guichet : 00123 &#8211; Num\u00e9ro de compte : 05630703000 &#8211; Cl\u00e9 RIB 25<\/strong><br><strong>IBAN : FR76 1390 6001 2305 6307 0300 025 &#8211;&nbsp;AGRIFRPP839<\/strong><\/p>\n\n\n\n<p>Pour ceux qui ne peuvent pas utiliser ce mode de paiement, vous pouvez toujours d\u00e9poser vos ch\u00e8ques ou CESU dans la boite aux lettres.<\/p>\n\n\n\n<p>Pour les r\u00e8glements en esp\u00e8ce, merci de pr\u00e9voir l&#8217;appoint dans une enveloppe et la confier \u00e0 Adrien Allemandet ou Aurore BOUDET \u00e0 l&#8217;accueil.<\/p>\n\n\n\n<p>pour toutes demandes particuli\u00e8res, vous pouvez nous joindre au 04 75 27 68 24&nbsp;<\/p>\n","protected":false},"excerpt":{"rendered":"<p>Pour r\u00e9gler sa facture vous pouvez r\u00e9gler vos factures du chat bott\u00e9 par virement bancaire. Voici le RIB de l&#8217;Association Familiale des Baronnies : Code banque : 13906 &#8211; Code guichet : 00123 &#8211; Num\u00e9ro de compte : 05630703000 &#8211; Cl\u00e9 RIB 25IBAN : FR76 1390 6001 2305 6307 0300 025 &#8211;&nbsp;AGRIFRPP839 Pour ceux qui &hellip;<\/p>\n","protected":false},"author":5,"featured_media":0,"parent":237,"menu_order":4,"comment_status":"closed","ping_status":"closed","template":"","meta":{"footnotes":""},"class_list":["post-1828","page","type-page","status-publish","hentry"],"_links":{"self":[{"href":"https:\/\/afb26.org\/index.php?rest_route=\/wp\/v2\/pages\/1828","targetHints":{"allow":["GET"]}}],"collection":[{"href":"https:\/\/afb26.org\/index.php?rest_route=\/wp\/v2\/pages"}],"about":[{"href":"https:\/\/afb26.org\/index.php?rest_route=\/wp\/v2\/types\/page"}],"author":[{"embeddable":true,"href":"https:\/\/afb26.org\/index.php?rest_route=\/wp\/v2\/users\/5"}],"replies":[{"embeddable":true,"href":"https:\/\/afb26.org\/index.php?rest_route=%2Fwp%2Fv2%2Fcomments&post=1828"}],"version-history":[{"count":4,"href":"https:\/\/afb26.org\/index.php?rest_route=\/wp\/v2\/pages\/1828\/revisions"}],"predecessor-version":[{"id":7078,"href":"https:\/\/afb26.org\/index.php?rest_route=\/wp\/v2\/pages\/1828\/revisions\/7078"}],"up":[{"embeddable":true,"href":"https:\/\/afb26.org\/index.php?rest_route=\/wp\/v2\/pages\/237"}],"wp:attachment":[{"href":"https:\/\/afb26.org\/index.php?rest_route=%2Fwp%2Fv2%2Fmedia&parent=1828"}],"curies":[{"name":"wp","href":"https:\/\/api.w.org\/{rel}","templated":true}]}}