{"id":1841,"date":"2022-03-17T17:30:44","date_gmt":"2022-03-17T16:30:44","guid":{"rendered":"http:\/\/afb26.org\/?page_id=1841"},"modified":"2022-03-30T11:06:49","modified_gmt":"2022-03-30T09:06:49","slug":"caf","status":"publish","type":"page","link":"https:\/\/afb26.org\/?page_id=1841","title":{"rendered":"CAF"},"content":{"rendered":"\n<h2 class=\"wp-block-heading\">CAF, acteur cl\u00e9 pour les parents en cas de s\u00e9paration<\/h2>\n\n\n\n<p>Depuis le 1er octobre 2020, avec la cr\u00e9ation par le gouvernement du Service public des pensions alimentaires, le dispositif Aripa (Agence de recouvrement et d&#8217;interm\u00e9diation des pensions alimentaires) est \u00e9largi \u00e0 l&#8217;interm\u00e9diation financi\u00e8re.<\/p>\n\n\n\n<p>Ainsi, les Caf et les Msa peuvent d\u00e9sormais \u00eatre l&#8217;interm\u00e9diaire entre les deux parents s\u00e9par\u00e9s pour faciliter le paiement de la pension alimentaire (fix\u00e9e dans un titre ex\u00e9cutoire), aider les parents victimes d&#8217;impay\u00e9s de pensions \u00e0 recouvrer ces montants et prot\u00e9ger les enfants, avec le pr\u00e9l\u00e8vement direct tous les mois de la pension aupr\u00e8s du parent d\u00e9biteur et le reversement direct au parent cr\u00e9ancier.&nbsp; &nbsp; &nbsp;<\/p>\n\n\n\n<p>En place depuis le 1er octobre pour les situations d&#8217;impay\u00e9s de pension alimentaire, l&#8217;interm\u00e9diation financi\u00e8re a \u00e9t\u00e9 \u00e9tendue au <strong>1er janvier 2021<\/strong> \u00e0 tous les parents s\u00e9par\u00e9s qui en font la demande, allocataires ou non, m\u00eame sans aucun probl\u00e8me d&#8217;impay\u00e9 de pension alimentaire, \u00e0 la seule condition que celle-ci soit fix\u00e9e dans un titre ex\u00e9cutoire.&nbsp;<\/p>\n\n\n\n<p>Pour avoir plus d&#8217;informations ou faire une demande d&#8217;interm\u00e9diation financi\u00e8re, tous les parents s\u00e9par\u00e9s peuvent se rendre sur le site <a rel=\"noreferrer noopener\" href=\"http:\/\/tracker.cafinfos.fr\/c\/284408\/17065\/1453\/1582\/0\/55\" target=\"_blank\">www.pension-alimentaire.caf.fr<\/a> ou appeler le 3238 (prix d&#8217;un appel local).&nbsp; &nbsp;<\/p>\n\n\n\n<p>L&#8217;interm\u00e9diation financi\u00e8re permet de prot\u00e9ger durablement les parents ayant d\u00e9j\u00e0 fait face \u00e0 un impay\u00e9 de pension alimentaire. Elle permet aux familles de gagner en s\u00e9r\u00e9nit\u00e9 et de pouvoir mieux se consacrer \u00e0 l&#8217;\u00e9ducation et au d\u00e9veloppement de leurs enfants. <br>Elle contribue \u00e0 lutter contre la pr\u00e9carit\u00e9 et la pauvret\u00e9 des familles et des enfants, notamment des familles monoparentales pour lesquelles la pension alimentaire est une source de revenus importante (environ 18 % des revenus).<\/p>\n\n\n\n<p>Nous vous remercions pour le relais de cette information importante aupr\u00e8s de vos publics. \u00c0 cet effet, des flyers peuvent vous \u00eatre adress\u00e9s sur simple demande par email \u00e0 : muriel.benistrand@cafvalence.cnafmail.fr.<\/p>\n","protected":false},"excerpt":{"rendered":"<p>CAF, acteur cl\u00e9 pour les parents en cas de s\u00e9paration Depuis le 1er octobre 2020, avec la cr\u00e9ation par le gouvernement du Service public des pensions alimentaires, le dispositif Aripa (Agence de recouvrement et d&#8217;interm\u00e9diation des pensions alimentaires) est \u00e9largi \u00e0 l&#8217;interm\u00e9diation financi\u00e8re. Ainsi, les Caf et les Msa peuvent d\u00e9sormais \u00eatre l&#8217;interm\u00e9diaire entre les &hellip;<\/p>\n","protected":false},"author":5,"featured_media":0,"parent":241,"menu_order":2,"comment_status":"closed","ping_status":"closed","template":"","meta":{"footnotes":""},"class_list":["post-1841","page","type-page","status-publish","hentry"],"_links":{"self":[{"href":"https:\/\/afb26.org\/index.php?rest_route=\/wp\/v2\/pages\/1841","targetHints":{"allow":["GET"]}}],"collection":[{"href":"https:\/\/afb26.org\/index.php?rest_route=\/wp\/v2\/pages"}],"about":[{"href":"https:\/\/afb26.org\/index.php?rest_route=\/wp\/v2\/types\/page"}],"author":[{"embeddable":true,"href":"https:\/\/afb26.org\/index.php?rest_route=\/wp\/v2\/users\/5"}],"replies":[{"embeddable":true,"href":"https:\/\/afb26.org\/index.php?rest_route=%2Fwp%2Fv2%2Fcomments&post=1841"}],"version-history":[{"count":2,"href":"https:\/\/afb26.org\/index.php?rest_route=\/wp\/v2\/pages\/1841\/revisions"}],"predecessor-version":[{"id":2089,"href":"https:\/\/afb26.org\/index.php?rest_route=\/wp\/v2\/pages\/1841\/revisions\/2089"}],"up":[{"embeddable":true,"href":"https:\/\/afb26.org\/index.php?rest_route=\/wp\/v2\/pages\/241"}],"wp:attachment":[{"href":"https:\/\/afb26.org\/index.php?rest_route=%2Fwp%2Fv2%2Fmedia&parent=1841"}],"curies":[{"name":"wp","href":"https:\/\/api.w.org\/{rel}","templated":true}]}}