{"id":1844,"date":"2022-03-17T17:37:14","date_gmt":"2022-03-17T16:37:14","guid":{"rendered":"http:\/\/afb26.org\/?page_id=1844"},"modified":"2022-03-30T11:07:22","modified_gmt":"2022-03-30T09:07:22","slug":"parentalite-mon-amour","status":"publish","type":"page","link":"https:\/\/afb26.org\/?page_id=1844","title":{"rendered":"Parentalit\u00e9 mon amour"},"content":{"rendered":"\n<h2 class=\"wp-block-heading\">Parentalit\u00e9 mon amour<\/h2>\n\n\n\n<p>Avant, j&#8217;avais des principes, maintenant, j&#8217;ai des enfants !<br>C&#8217;est en ces termes que d\u00e9marre &#8220;Parentalit\u00e9 mon amour&#8221;, le nouveau rendez-vous parentalit\u00e9 propos\u00e9 par la Caf et l&#8217;Udaf, en direct sur les antennes de Radio M\u00e9ga (99.2 Mzh) puis multi-diffus\u00e9 sur Radio Saint-Ferr\u00e9ol, Radio Royans, Rdwa, Soleil FM.<br>Une \u00e9mission&nbsp;destin\u00e9e aux parents, qui donne la parole aux acteurs de la parentalit\u00e9 sur le d\u00e9partement invit\u00e9s \u00e0 pr\u00e9senter leurs actions.<\/p>\n\n\n\n<p><a href=\"http:\/\/www.radio-mega.com\/player\/\">en direct \u00e0 12h<\/a><\/p>\n\n\n\n<p>mais vous pouvez r\u00e9\u00e9couter les pr\u00e9c\u00e9dentes, <a href=\"https:\/\/www.udaf26.fr\/-Parentalite-mon-amour-l-emission-de-radio-du-reseau-parentalite-de-la-Drome-\">l&#8217;\u00e9mission 2&nbsp;<\/a>(num\u00e9ro 2 du 25\/01\/17)&nbsp;notamment fait intervenir Anne Zambeaux qui pr\u00e9sente la Maison Couleur de Nyons et Bat\u00f4bul.<br>Anne a longtemps \u00e9tait administratrice de l&#8217;Association Familiale des Baronnies, elle \u00e9voque notamment la cr\u00e9ation des services pour les parents sur notre territoire, un peu d&#8217;histoire, tout en douceur !<\/p>\n\n\n\n<p><a href=\"https:\/\/www.udaf26.fr\/-Parentalite-mon-amour-l-emission-de-radio-du-reseau-parentalite-de-la-Drome-\">ARCHIVES &#8211; PODCASTS PARENTALITE MON AMOUR&nbsp;<\/a><\/p>\n","protected":false},"excerpt":{"rendered":"<p>Parentalit\u00e9 mon amour Avant, j&#8217;avais des principes, maintenant, j&#8217;ai des enfants !C&#8217;est en ces termes que d\u00e9marre &#8220;Parentalit\u00e9 mon amour&#8221;, le nouveau rendez-vous parentalit\u00e9 propos\u00e9 par la Caf et l&#8217;Udaf, en direct sur les antennes de Radio M\u00e9ga (99.2 Mzh) puis multi-diffus\u00e9 sur Radio Saint-Ferr\u00e9ol, Radio Royans, Rdwa, Soleil FM.Une \u00e9mission&nbsp;destin\u00e9e aux parents, qui donne &hellip;<\/p>\n","protected":false},"author":5,"featured_media":0,"parent":241,"menu_order":3,"comment_status":"closed","ping_status":"closed","template":"","meta":{"footnotes":""},"class_list":["post-1844","page","type-page","status-publish","hentry"],"_links":{"self":[{"href":"https:\/\/afb26.org\/index.php?rest_route=\/wp\/v2\/pages\/1844","targetHints":{"allow":["GET"]}}],"collection":[{"href":"https:\/\/afb26.org\/index.php?rest_route=\/wp\/v2\/pages"}],"about":[{"href":"https:\/\/afb26.org\/index.php?rest_route=\/wp\/v2\/types\/page"}],"author":[{"embeddable":true,"href":"https:\/\/afb26.org\/index.php?rest_route=\/wp\/v2\/users\/5"}],"replies":[{"embeddable":true,"href":"https:\/\/afb26.org\/index.php?rest_route=%2Fwp%2Fv2%2Fcomments&post=1844"}],"version-history":[{"count":2,"href":"https:\/\/afb26.org\/index.php?rest_route=\/wp\/v2\/pages\/1844\/revisions"}],"predecessor-version":[{"id":1846,"href":"https:\/\/afb26.org\/index.php?rest_route=\/wp\/v2\/pages\/1844\/revisions\/1846"}],"up":[{"embeddable":true,"href":"https:\/\/afb26.org\/index.php?rest_route=\/wp\/v2\/pages\/241"}],"wp:attachment":[{"href":"https:\/\/afb26.org\/index.php?rest_route=%2Fwp%2Fv2%2Fmedia&parent=1844"}],"curies":[{"name":"wp","href":"https:\/\/api.w.org\/{rel}","templated":true}]}}