{"id":2107,"date":"2022-03-30T13:38:08","date_gmt":"2022-03-30T11:38:08","guid":{"rendered":"http:\/\/afb26.org\/?page_id=2107"},"modified":"2025-02-21T11:51:00","modified_gmt":"2025-02-21T10:51:00","slug":"menus-des-vacances","status":"publish","type":"page","link":"https:\/\/afb26.org\/?page_id=2107","title":{"rendered":"Les menus des vacances"},"content":{"rendered":"\n<div class=\"wp-block-columns is-layout-flex wp-container-core-columns-is-layout-9d6595d7 wp-block-columns-is-layout-flex\">\n<div class=\"wp-block-column is-layout-flow wp-block-column-is-layout-flow\">\n<p class=\"has-text-align-center\">Les menus vous seront communiqu\u00e9s de mani\u00e8re hebdomadaire.<\/p>\n\n\n\n<p class=\"has-text-align-center\">Durant ces vacances d&#8217;hiver, nous avons fait le choix de manger v\u00e9g\u00e9tarien deux fois par semaine.<\/p>\n<\/div>\n<\/div>\n\n\n\n<figure class=\"wp-block-image size-full\"><img decoding=\"async\" src=\"https:\/\/afb26.org\/wp-content\/uploads\/2025\/02\/Menu-sem-1-hiver-pour-site-1.png\" alt=\"\" class=\"wp-image-5767\"\/><\/figure>\n","protected":false},"excerpt":{"rendered":"<p>Les menus vous seront communiqu\u00e9s de mani\u00e8re hebdomadaire. Durant ces vacances d&#8217;hiver, nous avons fait le choix de manger v\u00e9g\u00e9tarien deux fois par semaine.<\/p>\n","protected":false},"author":5,"featured_media":0,"parent":819,"menu_order":2,"comment_status":"closed","ping_status":"closed","template":"","meta":{"footnotes":""},"class_list":["post-2107","page","type-page","status-publish","hentry"],"_links":{"self":[{"href":"https:\/\/afb26.org\/index.php?rest_route=\/wp\/v2\/pages\/2107","targetHints":{"allow":["GET"]}}],"collection":[{"href":"https:\/\/afb26.org\/index.php?rest_route=\/wp\/v2\/pages"}],"about":[{"href":"https:\/\/afb26.org\/index.php?rest_route=\/wp\/v2\/types\/page"}],"author":[{"embeddable":true,"href":"https:\/\/afb26.org\/index.php?rest_route=\/wp\/v2\/users\/5"}],"replies":[{"embeddable":true,"href":"https:\/\/afb26.org\/index.php?rest_route=%2Fwp%2Fv2%2Fcomments&post=2107"}],"version-history":[{"count":49,"href":"https:\/\/afb26.org\/index.php?rest_route=\/wp\/v2\/pages\/2107\/revisions"}],"predecessor-version":[{"id":5768,"href":"https:\/\/afb26.org\/index.php?rest_route=\/wp\/v2\/pages\/2107\/revisions\/5768"}],"up":[{"embeddable":true,"href":"https:\/\/afb26.org\/index.php?rest_route=\/wp\/v2\/pages\/819"}],"wp:attachment":[{"href":"https:\/\/afb26.org\/index.php?rest_route=%2Fwp%2Fv2%2Fmedia&parent=2107"}],"curies":[{"name":"wp","href":"https:\/\/api.w.org\/{rel}","templated":true}]}}