{"id":2133,"date":"2022-03-30T15:16:03","date_gmt":"2022-03-30T13:16:03","guid":{"rendered":"http:\/\/afb26.org\/?page_id=2133"},"modified":"2025-01-21T15:08:26","modified_gmt":"2025-01-21T14:08:26","slug":"les-mercredis-au-chat-botte","status":"publish","type":"page","link":"https:\/\/afb26.org\/?page_id=2133","title":{"rendered":"Les mercredis"},"content":{"rendered":"\n<h2 class=\"wp-block-heading has-text-align-center\"><em>Le Chat Bott\u00e9, lieu de loisirs et d&#8217;\u00e9panouissement pour les enfants de 3 \u00e0 11 ans<\/em><\/h2>\n\n\n\n<div class=\"wp-block-columns is-layout-flex wp-container-core-columns-is-layout-9d6595d7 wp-block-columns-is-layout-flex\">\n<div class=\"wp-block-column is-layout-flow wp-block-column-is-layout-flow\"><div class=\"wp-block-image\">\n<figure class=\"aligncenter size-full is-resized\"><img loading=\"lazy\" decoding=\"async\" src=\"https:\/\/afb26.org\/wp-content\/uploads\/2024\/10\/Design-sans-titre3.png\" alt=\"\" class=\"wp-image-5343\" width=\"237\" height=\"237\" srcset=\"https:\/\/afb26.org\/wp-content\/uploads\/2024\/10\/Design-sans-titre3.png 1080w, https:\/\/afb26.org\/wp-content\/uploads\/2024\/10\/Design-sans-titre3-300x300.png 300w, https:\/\/afb26.org\/wp-content\/uploads\/2024\/10\/Design-sans-titre3-1024x1024.png 1024w, https:\/\/afb26.org\/wp-content\/uploads\/2024\/10\/Design-sans-titre3-150x150.png 150w, https:\/\/afb26.org\/wp-content\/uploads\/2024\/10\/Design-sans-titre3-768x768.png 768w\" sizes=\"auto, (max-width: 237px) 100vw, 237px\" \/><figcaption class=\"wp-element-caption\"><a href=\"https:\/\/afb26.org\/?page_id=2140\">Le programme<\/a><\/figcaption><\/figure>\n<\/div><\/div>\n\n\n\n<div class=\"wp-block-column is-layout-flow wp-block-column-is-layout-flow\"><div class=\"wp-block-image\">\n<figure class=\"aligncenter size-full is-resized\"><img loading=\"lazy\" decoding=\"async\" src=\"https:\/\/afb26.org\/wp-content\/uploads\/2023\/01\/restaurant-vegetarien.png\" alt=\"\" class=\"wp-image-3127\" width=\"237\" height=\"237\" srcset=\"https:\/\/afb26.org\/wp-content\/uploads\/2023\/01\/restaurant-vegetarien.png 512w, https:\/\/afb26.org\/wp-content\/uploads\/2023\/01\/restaurant-vegetarien-300x300.png 300w, https:\/\/afb26.org\/wp-content\/uploads\/2023\/01\/restaurant-vegetarien-150x150.png 150w\" sizes=\"auto, (max-width: 237px) 100vw, 237px\" \/><figcaption class=\"wp-element-caption\"><a href=\"https:\/\/afb26.org\/?page_id=2144\" data-type=\"page\" data-id=\"2144\" target=\"_blank\" rel=\"noreferrer noopener\">Les menus<\/a><\/figcaption><\/figure>\n<\/div><\/div>\n\n\n\n<div class=\"wp-block-column is-layout-flow wp-block-column-is-layout-flow\"><\/div>\n<\/div>\n","protected":false},"excerpt":{"rendered":"<p>Le Chat Bott\u00e9, lieu de loisirs et d&#8217;\u00e9panouissement pour les enfants de 3 \u00e0 11 ans<\/p>\n","protected":false},"author":5,"featured_media":0,"parent":688,"menu_order":4,"comment_status":"closed","ping_status":"closed","template":"","meta":{"footnotes":""},"class_list":["post-2133","page","type-page","status-publish","hentry"],"_links":{"self":[{"href":"https:\/\/afb26.org\/index.php?rest_route=\/wp\/v2\/pages\/2133","targetHints":{"allow":["GET"]}}],"collection":[{"href":"https:\/\/afb26.org\/index.php?rest_route=\/wp\/v2\/pages"}],"about":[{"href":"https:\/\/afb26.org\/index.php?rest_route=\/wp\/v2\/types\/page"}],"author":[{"embeddable":true,"href":"https:\/\/afb26.org\/index.php?rest_route=\/wp\/v2\/users\/5"}],"replies":[{"embeddable":true,"href":"https:\/\/afb26.org\/index.php?rest_route=%2Fwp%2Fv2%2Fcomments&post=2133"}],"version-history":[{"count":17,"href":"https:\/\/afb26.org\/index.php?rest_route=\/wp\/v2\/pages\/2133\/revisions"}],"predecessor-version":[{"id":5619,"href":"https:\/\/afb26.org\/index.php?rest_route=\/wp\/v2\/pages\/2133\/revisions\/5619"}],"up":[{"embeddable":true,"href":"https:\/\/afb26.org\/index.php?rest_route=\/wp\/v2\/pages\/688"}],"wp:attachment":[{"href":"https:\/\/afb26.org\/index.php?rest_route=%2Fwp%2Fv2%2Fmedia&parent=2133"}],"curies":[{"name":"wp","href":"https:\/\/api.w.org\/{rel}","templated":true}]}}