{"id":2171,"date":"2022-03-30T17:18:37","date_gmt":"2022-03-30T15:18:37","guid":{"rendered":"http:\/\/afb26.org\/?page_id=2171"},"modified":"2026-04-22T12:29:14","modified_gmt":"2026-04-22T10:29:14","slug":"transports-solidaires","status":"publish","type":"page","link":"https:\/\/afb26.org\/?page_id=2171","title":{"rendered":"Transport solidaire"},"content":{"rendered":"\n<h2 class=\"wp-block-heading has-text-align-center\"><em>Transport solidaire<\/em><\/h2>\n\n\n\n<div class=\"wp-block-columns is-layout-flex wp-container-core-columns-is-layout-9d6595d7 wp-block-columns-is-layout-flex\">\n<div class=\"wp-block-column is-layout-flow wp-block-column-is-layout-flow\">\n<p class=\"has-text-align-center\"><strong>La mobilit\u00e9 solidaire&nbsp;avec Mobisol en Baronnies<\/strong><\/p>\n\n\n\n<p>Mobisol en Baronnies, coordonn\u00e9 par l&#8217;AFB et le Carrefour des Habitants, permet de r\u00e9pondre \u00e0 des besoins de d\u00e9placements occasionnels&nbsp;tout en tissant du lien social.<\/p>\n\n\n\n<p class=\"has-text-align-center\"><strong><em>Mobisol en Baronnies qu&#8217;est-ce qu c&#8217;est ?<\/em><\/strong><\/p>\n\n\n\n<p>Ce service permet \u00e0 des personnes qui ne peuvent utiliser les moyens traditionnels de transport (transports en communs, covoiturage, taxis, transport \u00e0 la demande&#8230;) de se d\u00e9placer. Aller \u00e0 un entretien d&#8217;embauche, \u00e0 un rdv m\u00e9dical (non pris en charge) ou administratif, rejoindre une gare&nbsp;: les b\u00e9n\u00e9voles de Mobisol en Baronnies peuvent vous conduire. Mobisol en Baronnies permet de r\u00e9pondre \u00e0 des besoins particuliers et occasionnels tout en renfor\u00e7ant le lien social entre les habitants<\/p>\n\n\n\n<p><strong><em>Comment en B\u00e9n\u00e9ficier ?<\/em><\/strong><\/p>\n\n\n\n<p>Contactez les structures partenaires qui vous mettra en lien avec un b\u00e9n\u00e9vole disponible&nbsp;:<\/p>\n\n\n\n<ul class=\"wp-block-list\">\n<li>A Nyons&nbsp;: Le Carrefour des Habitants du Nyonsais \u2013 04 75 26 47 31<\/li>\n\n\n\n<li>A Buis&nbsp;: L&#8217;Association Familiale des Baronnies (AFB) \u2013 04 75 28 17 28<\/li>\n<\/ul>\n<\/div>\n\n\n\n<div class=\"wp-block-column is-layout-flow wp-block-column-is-layout-flow\">\n<figure class=\"wp-block-image size-large\"><img loading=\"lazy\" decoding=\"async\" width=\"724\" height=\"1024\" src=\"https:\/\/afb26.org\/wp-content\/uploads\/2026\/01\/Flyer-v2_pub-service_page-00011-724x1024.jpg\" alt=\"\" class=\"wp-image-7208\" srcset=\"https:\/\/afb26.org\/wp-content\/uploads\/2026\/01\/Flyer-v2_pub-service_page-00011-724x1024.jpg 724w, https:\/\/afb26.org\/wp-content\/uploads\/2026\/01\/Flyer-v2_pub-service_page-00011-212x300.jpg 212w, https:\/\/afb26.org\/wp-content\/uploads\/2026\/01\/Flyer-v2_pub-service_page-00011-768x1086.jpg 768w, https:\/\/afb26.org\/wp-content\/uploads\/2026\/01\/Flyer-v2_pub-service_page-00011-1086x1536.jpg 1086w, https:\/\/afb26.org\/wp-content\/uploads\/2026\/01\/Flyer-v2_pub-service_page-00011.jpg 1241w\" sizes=\"auto, (max-width: 724px) 100vw, 724px\" \/><\/figure>\n<\/div>\n\n\n\n<div class=\"wp-block-column is-layout-flow wp-block-column-is-layout-flow\">\n<figure class=\"wp-block-image size-large\"><img loading=\"lazy\" decoding=\"async\" width=\"724\" height=\"1024\" src=\"https:\/\/afb26.org\/wp-content\/uploads\/2026\/01\/Flyer-v2_pub-service_page-00021-724x1024.jpg\" alt=\"\" class=\"wp-image-7207\" srcset=\"https:\/\/afb26.org\/wp-content\/uploads\/2026\/01\/Flyer-v2_pub-service_page-00021-724x1024.jpg 724w, https:\/\/afb26.org\/wp-content\/uploads\/2026\/01\/Flyer-v2_pub-service_page-00021-212x300.jpg 212w, https:\/\/afb26.org\/wp-content\/uploads\/2026\/01\/Flyer-v2_pub-service_page-00021-768x1086.jpg 768w, https:\/\/afb26.org\/wp-content\/uploads\/2026\/01\/Flyer-v2_pub-service_page-00021-1086x1536.jpg 1086w, https:\/\/afb26.org\/wp-content\/uploads\/2026\/01\/Flyer-v2_pub-service_page-00021.jpg 1241w\" sizes=\"auto, (max-width: 724px) 100vw, 724px\" \/><\/figure>\n<\/div>\n<\/div>\n\n\n\n<div class=\"wp-block-columns is-layout-flex wp-container-core-columns-is-layout-9d6595d7 wp-block-columns-is-layout-flex\">\n<div class=\"wp-block-column is-layout-flow wp-block-column-is-layout-flow\">\n<figure class=\"wp-block-image size-full is-resized\"><img loading=\"lazy\" decoding=\"async\" width=\"1241\" height=\"1755\" src=\"https:\/\/afb26.org\/wp-content\/uploads\/2026\/01\/Flyer-v2_recrutement-benevoles_page-00011.jpg\" alt=\"\" class=\"wp-image-7205\" style=\"width:500px\" srcset=\"https:\/\/afb26.org\/wp-content\/uploads\/2026\/01\/Flyer-v2_recrutement-benevoles_page-00011.jpg 1241w, https:\/\/afb26.org\/wp-content\/uploads\/2026\/01\/Flyer-v2_recrutement-benevoles_page-00011-212x300.jpg 212w, https:\/\/afb26.org\/wp-content\/uploads\/2026\/01\/Flyer-v2_recrutement-benevoles_page-00011-724x1024.jpg 724w, https:\/\/afb26.org\/wp-content\/uploads\/2026\/01\/Flyer-v2_recrutement-benevoles_page-00011-768x1086.jpg 768w, https:\/\/afb26.org\/wp-content\/uploads\/2026\/01\/Flyer-v2_recrutement-benevoles_page-00011-1086x1536.jpg 1086w\" sizes=\"auto, (max-width: 1241px) 100vw, 1241px\" \/><\/figure>\n<\/div>\n\n\n\n<div class=\"wp-block-column is-layout-flow wp-block-column-is-layout-flow\">\n<figure class=\"wp-block-image size-full\"><img loading=\"lazy\" decoding=\"async\" width=\"1241\" height=\"1755\" src=\"https:\/\/afb26.org\/wp-content\/uploads\/2026\/01\/Flyer-v2_recrutement-benevoles_page-00021.jpg\" alt=\"\" class=\"wp-image-7206\" srcset=\"https:\/\/afb26.org\/wp-content\/uploads\/2026\/01\/Flyer-v2_recrutement-benevoles_page-00021.jpg 1241w, https:\/\/afb26.org\/wp-content\/uploads\/2026\/01\/Flyer-v2_recrutement-benevoles_page-00021-212x300.jpg 212w, https:\/\/afb26.org\/wp-content\/uploads\/2026\/01\/Flyer-v2_recrutement-benevoles_page-00021-724x1024.jpg 724w, https:\/\/afb26.org\/wp-content\/uploads\/2026\/01\/Flyer-v2_recrutement-benevoles_page-00021-768x1086.jpg 768w, https:\/\/afb26.org\/wp-content\/uploads\/2026\/01\/Flyer-v2_recrutement-benevoles_page-00021-1086x1536.jpg 1086w\" sizes=\"auto, (max-width: 1241px) 100vw, 1241px\" \/><\/figure>\n<\/div>\n\n\n\n<div class=\"wp-block-column is-layout-flow wp-block-column-is-layout-flow\">\n<p class=\"has-text-align-center has-regular-font-size\"><strong><em>Comment devenir conducteur solidaire&nbsp;?<\/em><\/strong><\/p>\n\n\n\n<p class=\"has-regular-font-size\">Vous avez le permis B et un v\u00e9hicule, vous aimez le contact avec les habitants, cr\u00e9er du lien, Mobisol en Baronnies a besoin de vous et recherche des conducteurs b\u00e9n\u00e9voles !<\/p>\n\n\n\n<p class=\"has-regular-font-size\">Il n&#8217;est pas n\u00e9cessaire d&#8217;\u00eatre disponible tous les jours, quelques cr\u00e9neaux suffisent, nous nous adaptons \u00e0 vos disponibilit\u00e9s pour les demandes de trajets.<\/p>\n\n\n\n<p class=\"has-regular-font-size\">Si vous souhaitez de plus amples informations, vous pouvez contacter&nbsp;:<\/p>\n\n\n\n<p class=\"has-text-align-center has-regular-font-size\">L&#8217;Association Familiale des Baronnies (AFB)  <br>04 75 28 17 28 \u2013 <a href=\"mailto:accueil@afb26.org\">accueil@afb26.org<\/a><\/p>\n\n\n\n<p class=\"has-text-align-center has-regular-font-size\">Le Carrefour des Habitants du Nyonsais <br>04.75.26.47.31 &#8211; <a href=\"mailto:carrefourdeshabitants@gmail.com\">carrefourdeshabitants@gmail.com<\/a><\/p>\n<\/div>\n<\/div>\n","protected":false},"excerpt":{"rendered":"<p>Transport solidaire La mobilit\u00e9 solidaire&nbsp;avec Mobisol en Baronnies Mobisol en Baronnies, coordonn\u00e9 par l&#8217;AFB et le Carrefour des Habitants, permet de r\u00e9pondre \u00e0 des besoins de d\u00e9placements occasionnels&nbsp;tout en tissant du lien social. Mobisol en Baronnies qu&#8217;est-ce qu c&#8217;est ? Ce service permet \u00e0 des personnes qui ne peuvent utiliser les moyens traditionnels de transport &hellip;<\/p>\n","protected":false},"author":5,"featured_media":0,"parent":2163,"menu_order":2,"comment_status":"closed","ping_status":"closed","template":"","meta":{"footnotes":""},"class_list":["post-2171","page","type-page","status-publish","hentry"],"_links":{"self":[{"href":"https:\/\/afb26.org\/index.php?rest_route=\/wp\/v2\/pages\/2171","targetHints":{"allow":["GET"]}}],"collection":[{"href":"https:\/\/afb26.org\/index.php?rest_route=\/wp\/v2\/pages"}],"about":[{"href":"https:\/\/afb26.org\/index.php?rest_route=\/wp\/v2\/types\/page"}],"author":[{"embeddable":true,"href":"https:\/\/afb26.org\/index.php?rest_route=\/wp\/v2\/users\/5"}],"replies":[{"embeddable":true,"href":"https:\/\/afb26.org\/index.php?rest_route=%2Fwp%2Fv2%2Fcomments&post=2171"}],"version-history":[{"count":14,"href":"https:\/\/afb26.org\/index.php?rest_route=\/wp\/v2\/pages\/2171\/revisions"}],"predecessor-version":[{"id":7536,"href":"https:\/\/afb26.org\/index.php?rest_route=\/wp\/v2\/pages\/2171\/revisions\/7536"}],"up":[{"embeddable":true,"href":"https:\/\/afb26.org\/index.php?rest_route=\/wp\/v2\/pages\/2163"}],"wp:attachment":[{"href":"https:\/\/afb26.org\/index.php?rest_route=%2Fwp%2Fv2%2Fmedia&parent=2171"}],"curies":[{"name":"wp","href":"https:\/\/api.w.org\/{rel}","templated":true}]}}