{"id":4381,"date":"2023-10-20T13:23:42","date_gmt":"2023-10-20T11:23:42","guid":{"rendered":"https:\/\/afb26.org\/?page_id=4381"},"modified":"2025-04-28T15:47:18","modified_gmt":"2025-04-28T13:47:18","slug":"accompagnement-a-la-scolarite","status":"publish","type":"page","link":"https:\/\/afb26.org\/?page_id=4381","title":{"rendered":"Accompagnement \u00e0 la scolarit\u00e9"},"content":{"rendered":"\n<h2 class=\"wp-block-heading\">Accompagnement \u00e0 la scolarit\u00e9<\/h2>\n\n\n\n<div class=\"wp-block-media-text is-stacked-on-mobile\" style=\"grid-template-columns:35% auto\"><figure class=\"wp-block-media-text__media\"><img loading=\"lazy\" decoding=\"async\" width=\"724\" height=\"1024\" src=\"https:\/\/afb26.org\/wp-content\/uploads\/2025\/04\/CLAS-724x1024.jpg\" alt=\"\" class=\"wp-image-6154 size-full\" srcset=\"https:\/\/afb26.org\/wp-content\/uploads\/2025\/04\/CLAS-724x1024.jpg 724w, https:\/\/afb26.org\/wp-content\/uploads\/2025\/04\/CLAS-212x300.jpg 212w, https:\/\/afb26.org\/wp-content\/uploads\/2025\/04\/CLAS-768x1086.jpg 768w, https:\/\/afb26.org\/wp-content\/uploads\/2025\/04\/CLAS-1086x1536.jpg 1086w, https:\/\/afb26.org\/wp-content\/uploads\/2025\/04\/CLAS.jpg 1414w\" sizes=\"auto, (max-width: 724px) 100vw, 724px\" \/><\/figure><div class=\"wp-block-media-text__content\">\n<p class=\"has-medium-font-size\">Si ce dispositif vous int\u00e9resse, que vous avez des questions et\/ou que vous souhaitez vous inscrire n&#8217;h\u00e9sitez pas \u00e0 contacter<\/p>\n\n\n\n<p class=\"has-text-align-center has-suki-color-5-color has-text-color has-medium-font-size\"><strong>Karine BOURLAY 04 75 27 68 24<\/strong><\/p>\n\n\n\n<p class=\"has-regular-font-size\"><strong>Une permanence d&#8217;inscription a lieu tous les lundi de 16h00 \u00e0 17h30 (hors p\u00e9riode de vacances scolaires)<\/strong><\/p>\n<\/div><\/div>\n\n\n\n<div class=\"wp-block-group\"><div class=\"wp-block-group__inner-container is-layout-constrained wp-block-group-is-layout-constrained\">\n<div class=\"wp-block-columns are-vertically-aligned-bottom is-layout-flex wp-container-core-columns-is-layout-9d6595d7 wp-block-columns-is-layout-flex\">\n<div class=\"wp-block-column is-vertically-aligned-bottom is-layout-flow wp-block-column-is-layout-flow\"><div class=\"wp-block-image\">\n<figure class=\"alignleft size-full is-resized\"><img loading=\"lazy\" decoding=\"async\" width=\"8000\" height=\"8000\" src=\"https:\/\/afb26.org\/wp-content\/uploads\/2025\/04\/LOGO-ecoles-Buis.png\" alt=\"\" class=\"wp-image-5935\" style=\"object-fit:cover;width:150px;height:150px\" srcset=\"https:\/\/afb26.org\/wp-content\/uploads\/2025\/04\/LOGO-ecoles-Buis.png 8000w, https:\/\/afb26.org\/wp-content\/uploads\/2025\/04\/LOGO-ecoles-Buis-300x300.png 300w, https:\/\/afb26.org\/wp-content\/uploads\/2025\/04\/LOGO-ecoles-Buis-1024x1024.png 1024w, https:\/\/afb26.org\/wp-content\/uploads\/2025\/04\/LOGO-ecoles-Buis-150x150.png 150w, https:\/\/afb26.org\/wp-content\/uploads\/2025\/04\/LOGO-ecoles-Buis-768x768.png 768w, https:\/\/afb26.org\/wp-content\/uploads\/2025\/04\/LOGO-ecoles-Buis-1536x1536.png 1536w, https:\/\/afb26.org\/wp-content\/uploads\/2025\/04\/LOGO-ecoles-Buis-2048x2048.png 2048w\" sizes=\"auto, (max-width: 8000px) 100vw, 8000px\" \/><\/figure>\n<\/div><\/div>\n\n\n\n<div class=\"wp-block-column is-vertically-aligned-bottom is-layout-flow wp-block-column-is-layout-flow\"><div class=\"wp-block-image\">\n<figure class=\"alignleft size-full is-resized\"><img loading=\"lazy\" decoding=\"async\" width=\"487\" height=\"590\" src=\"https:\/\/afb26.org\/wp-content\/uploads\/2025\/04\/Logo-Caf-26-quad-vectorise-487x590-1.jpg\" alt=\"\" class=\"wp-image-5937\" style=\"object-fit:cover;width:150px;height:200px\" srcset=\"https:\/\/afb26.org\/wp-content\/uploads\/2025\/04\/Logo-Caf-26-quad-vectorise-487x590-1.jpg 487w, https:\/\/afb26.org\/wp-content\/uploads\/2025\/04\/Logo-Caf-26-quad-vectorise-487x590-1-248x300.jpg 248w\" sizes=\"auto, (max-width: 487px) 100vw, 487px\" \/><\/figure>\n<\/div><\/div>\n\n\n\n<div class=\"wp-block-column is-vertically-aligned-bottom is-layout-flow wp-block-column-is-layout-flow\"><div class=\"wp-block-image\">\n<figure class=\"alignleft size-large is-resized\"><img loading=\"lazy\" decoding=\"async\" width=\"1019\" height=\"1024\" src=\"https:\/\/afb26.org\/wp-content\/uploads\/2025\/04\/AFB_LOGO__1@4x-1019x1024.png\" alt=\"\" class=\"wp-image-5938\" style=\"object-fit:cover;width:150px;height:150px\" srcset=\"https:\/\/afb26.org\/wp-content\/uploads\/2025\/04\/AFB_LOGO__1@4x-1019x1024.png 1019w, https:\/\/afb26.org\/wp-content\/uploads\/2025\/04\/AFB_LOGO__1@4x-300x300.png 300w, https:\/\/afb26.org\/wp-content\/uploads\/2025\/04\/AFB_LOGO__1@4x-150x150.png 150w, https:\/\/afb26.org\/wp-content\/uploads\/2025\/04\/AFB_LOGO__1@4x-768x772.png 768w, https:\/\/afb26.org\/wp-content\/uploads\/2025\/04\/AFB_LOGO__1@4x-1529x1536.png 1529w, https:\/\/afb26.org\/wp-content\/uploads\/2025\/04\/AFB_LOGO__1@4x-2039x2048.png 2039w\" sizes=\"auto, (max-width: 1019px) 100vw, 1019px\" \/><\/figure>\n<\/div><\/div>\n<\/div>\n<\/div><\/div>\n\n\n\n<p><\/p>\n","protected":false},"excerpt":{"rendered":"<p>Accompagnement \u00e0 la scolarit\u00e9 Si ce dispositif vous int\u00e9resse, que vous avez des questions et\/ou que vous souhaitez vous inscrire n&#8217;h\u00e9sitez pas \u00e0 contacter Karine BOURLAY 04 75 27 68 24 Une permanence d&#8217;inscription a lieu tous les lundi de 16h00 \u00e0 17h30 (hors p\u00e9riode de vacances scolaires)<\/p>\n","protected":false},"author":8,"featured_media":0,"parent":6049,"menu_order":3,"comment_status":"closed","ping_status":"closed","template":"","meta":{"footnotes":""},"class_list":["post-4381","page","type-page","status-publish","hentry"],"_links":{"self":[{"href":"https:\/\/afb26.org\/index.php?rest_route=\/wp\/v2\/pages\/4381","targetHints":{"allow":["GET"]}}],"collection":[{"href":"https:\/\/afb26.org\/index.php?rest_route=\/wp\/v2\/pages"}],"about":[{"href":"https:\/\/afb26.org\/index.php?rest_route=\/wp\/v2\/types\/page"}],"author":[{"embeddable":true,"href":"https:\/\/afb26.org\/index.php?rest_route=\/wp\/v2\/users\/8"}],"replies":[{"embeddable":true,"href":"https:\/\/afb26.org\/index.php?rest_route=%2Fwp%2Fv2%2Fcomments&post=4381"}],"version-history":[{"count":16,"href":"https:\/\/afb26.org\/index.php?rest_route=\/wp\/v2\/pages\/4381\/revisions"}],"predecessor-version":[{"id":6162,"href":"https:\/\/afb26.org\/index.php?rest_route=\/wp\/v2\/pages\/4381\/revisions\/6162"}],"up":[{"embeddable":true,"href":"https:\/\/afb26.org\/index.php?rest_route=\/wp\/v2\/pages\/6049"}],"wp:attachment":[{"href":"https:\/\/afb26.org\/index.php?rest_route=%2Fwp%2Fv2%2Fmedia&parent=4381"}],"curies":[{"name":"wp","href":"https:\/\/api.w.org\/{rel}","templated":true}]}}