{"id":688,"date":"2022-01-10T17:24:18","date_gmt":"2022-01-10T16:24:18","guid":{"rendered":"http:\/\/afb26.org\/?page_id=688"},"modified":"2026-02-13T11:25:13","modified_gmt":"2026-02-13T10:25:13","slug":"laccueil-de-loisir-en-general","status":"publish","type":"page","link":"https:\/\/afb26.org\/?page_id=688","title":{"rendered":"ALSH Le Chat Bott\u00e9"},"content":{"rendered":"\n<figure class=\"wp-block-image alignfull size-full\"><img loading=\"lazy\" decoding=\"async\" width=\"9930\" height=\"1463\" src=\"https:\/\/afb26.org\/wp-content\/uploads\/2023\/07\/AFB_CHARTE_Fichier-35@4x.png\" alt=\"\" class=\"wp-image-4029\" srcset=\"https:\/\/afb26.org\/wp-content\/uploads\/2023\/07\/AFB_CHARTE_Fichier-35@4x.png 9930w, https:\/\/afb26.org\/wp-content\/uploads\/2023\/07\/AFB_CHARTE_Fichier-35@4x-300x44.png 300w, https:\/\/afb26.org\/wp-content\/uploads\/2023\/07\/AFB_CHARTE_Fichier-35@4x-1024x151.png 1024w, https:\/\/afb26.org\/wp-content\/uploads\/2023\/07\/AFB_CHARTE_Fichier-35@4x-768x113.png 768w, https:\/\/afb26.org\/wp-content\/uploads\/2023\/07\/AFB_CHARTE_Fichier-35@4x-1536x226.png 1536w, https:\/\/afb26.org\/wp-content\/uploads\/2023\/07\/AFB_CHARTE_Fichier-35@4x-2048x302.png 2048w\" sizes=\"auto, (max-width: 9930px) 100vw, 9930px\" \/><\/figure>\n\n\n\n<div class=\"wp-block-columns is-layout-flex wp-container-core-columns-is-layout-9d6595d7 wp-block-columns-is-layout-flex\">\n<div class=\"wp-block-column is-layout-flow wp-block-column-is-layout-flow\">\n<h2 class=\"wp-block-heading has-text-align-center has-large-font-size\">Accueil de loisirs pour les enfants de 4 \u00e0 11 ans<\/h2>\n\n\n\n<div class=\"wp-block-columns is-layout-flex wp-container-core-columns-is-layout-9d6595d7 wp-block-columns-is-layout-flex\">\n<div class=\"wp-block-column is-layout-flow wp-block-column-is-layout-flow\"><div class=\"wp-block-image\">\n<figure class=\"aligncenter size-full is-resized\"><a href=\"https:\/\/afb26.org\/?page_id=2103\"><img loading=\"lazy\" decoding=\"async\" width=\"1080\" height=\"1080\" src=\"https:\/\/afb26.org\/wp-content\/uploads\/2024\/10\/Design-sans-titre3.png\" alt=\"\" class=\"wp-image-5343\" style=\"object-fit:cover;width:250px;height:250px\" srcset=\"https:\/\/afb26.org\/wp-content\/uploads\/2024\/10\/Design-sans-titre3.png 1080w, https:\/\/afb26.org\/wp-content\/uploads\/2024\/10\/Design-sans-titre3-300x300.png 300w, https:\/\/afb26.org\/wp-content\/uploads\/2024\/10\/Design-sans-titre3-1024x1024.png 1024w, https:\/\/afb26.org\/wp-content\/uploads\/2024\/10\/Design-sans-titre3-150x150.png 150w, https:\/\/afb26.org\/wp-content\/uploads\/2024\/10\/Design-sans-titre3-768x768.png 768w\" sizes=\"auto, (max-width: 1080px) 100vw, 1080px\" \/><\/a><figcaption class=\"wp-element-caption\"><a href=\"https:\/\/afb26.org\/?page_id=2103\" data-type=\"link\" data-id=\"https:\/\/afb26.org\/?page_id=2103\">Programmes d&#8217;animations<\/a><\/figcaption><\/figure>\n<\/div><\/div>\n\n\n\n<div class=\"wp-block-column is-layout-flow wp-block-column-is-layout-flow\"><div class=\"wp-block-image\">\n<figure class=\"aligncenter size-full is-resized\"><a href=\"https:\/\/afb26.org\/?page_id=2144\"><img loading=\"lazy\" decoding=\"async\" width=\"1080\" height=\"1080\" src=\"https:\/\/afb26.org\/wp-content\/uploads\/2024\/10\/Design-sans-titre.png\" alt=\"\" class=\"wp-image-5340\" style=\"object-fit:cover;width:200px;height:200px\" srcset=\"https:\/\/afb26.org\/wp-content\/uploads\/2024\/10\/Design-sans-titre.png 1080w, https:\/\/afb26.org\/wp-content\/uploads\/2024\/10\/Design-sans-titre-300x300.png 300w, https:\/\/afb26.org\/wp-content\/uploads\/2024\/10\/Design-sans-titre-1024x1024.png 1024w, https:\/\/afb26.org\/wp-content\/uploads\/2024\/10\/Design-sans-titre-150x150.png 150w, https:\/\/afb26.org\/wp-content\/uploads\/2024\/10\/Design-sans-titre-768x768.png 768w\" sizes=\"auto, (max-width: 1080px) 100vw, 1080px\" \/><\/a><figcaption class=\"wp-element-caption\"><a href=\"https:\/\/afb26.org\/?page_id=2144\">Menu<\/a><\/figcaption><\/figure>\n<\/div><\/div>\n\n\n\n<div class=\"wp-block-column is-layout-flow wp-block-column-is-layout-flow\">\n<figure class=\"wp-block-image size-full is-resized\"><a href=\"https:\/\/afb26.org\/?page_id=2109\"><img loading=\"lazy\" decoding=\"async\" width=\"1080\" height=\"1080\" src=\"https:\/\/afb26.org\/wp-content\/uploads\/2024\/10\/Design-sans-titre2.png\" alt=\"\" class=\"wp-image-5341\" style=\"object-fit:cover;width:200px;height:200px\" srcset=\"https:\/\/afb26.org\/wp-content\/uploads\/2024\/10\/Design-sans-titre2.png 1080w, https:\/\/afb26.org\/wp-content\/uploads\/2024\/10\/Design-sans-titre2-300x300.png 300w, https:\/\/afb26.org\/wp-content\/uploads\/2024\/10\/Design-sans-titre2-1024x1024.png 1024w, https:\/\/afb26.org\/wp-content\/uploads\/2024\/10\/Design-sans-titre2-150x150.png 150w, https:\/\/afb26.org\/wp-content\/uploads\/2024\/10\/Design-sans-titre2-768x768.png 768w\" sizes=\"auto, (max-width: 1080px) 100vw, 1080px\" \/><\/a><figcaption class=\"wp-element-caption\"><a href=\"https:\/\/afb26.org\/?page_id=2109\">R\u00e9trospective<\/a><\/figcaption><\/figure>\n<\/div>\n\n\n\n<div class=\"wp-block-column is-layout-flow wp-block-column-is-layout-flow\">\n<figure class=\"wp-block-image size-full is-resized\"><a href=\"https:\/\/afb26.org\/wp-content\/uploads\/2026\/01\/Mercredis-equipe-Chat-Botte.png\"><img loading=\"lazy\" decoding=\"async\" width=\"1080\" height=\"1080\" src=\"https:\/\/afb26.org\/wp-content\/uploads\/2026\/01\/Mercredis-equipe-Chat-Botte.png\" alt=\"\" class=\"wp-image-7241\" style=\"object-fit:cover;width:200px;height:200px\" srcset=\"https:\/\/afb26.org\/wp-content\/uploads\/2026\/01\/Mercredis-equipe-Chat-Botte.png 1080w, https:\/\/afb26.org\/wp-content\/uploads\/2026\/01\/Mercredis-equipe-Chat-Botte-300x300.png 300w, https:\/\/afb26.org\/wp-content\/uploads\/2026\/01\/Mercredis-equipe-Chat-Botte-1024x1024.png 1024w, https:\/\/afb26.org\/wp-content\/uploads\/2026\/01\/Mercredis-equipe-Chat-Botte-150x150.png 150w, https:\/\/afb26.org\/wp-content\/uploads\/2026\/01\/Mercredis-equipe-Chat-Botte-768x768.png 768w\" sizes=\"auto, (max-width: 1080px) 100vw, 1080px\" \/><\/a><figcaption class=\"wp-element-caption\">\u00c9quipe des mercredis<\/figcaption><\/figure>\n<\/div>\n\n\n\n<div class=\"wp-block-column is-layout-flow wp-block-column-is-layout-flow\">\n<figure class=\"wp-block-image size-full is-resized\"><a href=\"https:\/\/afb26.org\/wp-content\/uploads\/2026\/01\/Vacances-equipe-Chat-Botte.png\"><img loading=\"lazy\" decoding=\"async\" width=\"1080\" height=\"1080\" src=\"https:\/\/afb26.org\/wp-content\/uploads\/2026\/01\/Vacances-equipe-Chat-Botte.png\" alt=\"\" class=\"wp-image-7243\" style=\"object-fit:cover;width:200px;height:200px\" srcset=\"https:\/\/afb26.org\/wp-content\/uploads\/2026\/01\/Vacances-equipe-Chat-Botte.png 1080w, https:\/\/afb26.org\/wp-content\/uploads\/2026\/01\/Vacances-equipe-Chat-Botte-300x300.png 300w, https:\/\/afb26.org\/wp-content\/uploads\/2026\/01\/Vacances-equipe-Chat-Botte-1024x1024.png 1024w, https:\/\/afb26.org\/wp-content\/uploads\/2026\/01\/Vacances-equipe-Chat-Botte-150x150.png 150w, https:\/\/afb26.org\/wp-content\/uploads\/2026\/01\/Vacances-equipe-Chat-Botte-768x768.png 768w\" sizes=\"auto, (max-width: 1080px) 100vw, 1080px\" \/><\/a><figcaption class=\"wp-element-caption\">\u00c9quipe des vacances<\/figcaption><\/figure>\n<\/div>\n<\/div>\n\n\n\n<div class=\"wp-block-columns is-layout-flex wp-container-core-columns-is-layout-9d6595d7 wp-block-columns-is-layout-flex\">\n<div class=\"wp-block-column is-layout-flow wp-block-column-is-layout-flow\">\n<figure class=\"wp-block-image size-large is-resized\"><a href=\"https:\/\/afb26.org\/?page_id=690\"><img loading=\"lazy\" decoding=\"async\" width=\"1024\" height=\"1024\" src=\"https:\/\/afb26.org\/wp-content\/uploads\/2023\/03\/Contacts-1024x1024.png\" alt=\"\" class=\"wp-image-3316\" style=\"object-fit:cover;width:145px;height:145px\" srcset=\"https:\/\/afb26.org\/wp-content\/uploads\/2023\/03\/Contacts-1024x1024.png 1024w, https:\/\/afb26.org\/wp-content\/uploads\/2023\/03\/Contacts-300x300.png 300w, https:\/\/afb26.org\/wp-content\/uploads\/2023\/03\/Contacts-150x150.png 150w, https:\/\/afb26.org\/wp-content\/uploads\/2023\/03\/Contacts-768x768.png 768w, https:\/\/afb26.org\/wp-content\/uploads\/2023\/03\/Contacts.png 1181w\" sizes=\"auto, (max-width: 1024px) 100vw, 1024px\" \/><\/a><figcaption class=\"wp-element-caption\"><a href=\"https:\/\/afb26.org\/?page_id=690\">Contacts<\/a><\/figcaption><\/figure>\n<\/div>\n\n\n\n<div class=\"wp-block-column is-layout-flow wp-block-column-is-layout-flow\">\n<figure class=\"wp-block-image size-full is-resized\"><a href=\"https:\/\/afb26.org\/?page_id=763\"><img loading=\"lazy\" decoding=\"async\" width=\"512\" height=\"512\" src=\"https:\/\/afb26.org\/wp-content\/uploads\/2022\/03\/calendar.png\" alt=\"\" class=\"wp-image-1961\" style=\"object-fit:cover;width:134px;height:134px\" srcset=\"https:\/\/afb26.org\/wp-content\/uploads\/2022\/03\/calendar.png 512w, https:\/\/afb26.org\/wp-content\/uploads\/2022\/03\/calendar-300x300.png 300w, https:\/\/afb26.org\/wp-content\/uploads\/2022\/03\/calendar-150x150.png 150w\" sizes=\"auto, (max-width: 512px) 100vw, 512px\" \/><\/a><figcaption class=\"wp-element-caption\"><a href=\"https:\/\/afb26.org\/?page_id=763\">Tarifs &amp; Horaires<\/a><\/figcaption><\/figure>\n<\/div>\n\n\n\n<div class=\"wp-block-column is-layout-flow wp-block-column-is-layout-flow\">\n<figure class=\"wp-block-image size-large is-resized\"><a href=\"https:\/\/afb26.org\/?page_id=750\"><img loading=\"lazy\" decoding=\"async\" width=\"1024\" height=\"1024\" src=\"https:\/\/afb26.org\/wp-content\/uploads\/2023\/03\/Inscription-1024x1024.png\" alt=\"\" class=\"wp-image-3317\" style=\"object-fit:cover;width:145px;height:145px\" srcset=\"https:\/\/afb26.org\/wp-content\/uploads\/2023\/03\/Inscription-1024x1024.png 1024w, https:\/\/afb26.org\/wp-content\/uploads\/2023\/03\/Inscription-300x300.png 300w, https:\/\/afb26.org\/wp-content\/uploads\/2023\/03\/Inscription-150x150.png 150w, https:\/\/afb26.org\/wp-content\/uploads\/2023\/03\/Inscription-768x768.png 768w, https:\/\/afb26.org\/wp-content\/uploads\/2023\/03\/Inscription.png 1181w\" sizes=\"auto, (max-width: 1024px) 100vw, 1024px\" \/><\/a><figcaption class=\"wp-element-caption\"><a href=\"https:\/\/afb26.org\/?page_id=750\">Pour s&#8217;inscrire, Comment \u00e7a se passe ?<\/a><\/figcaption><\/figure>\n<\/div>\n\n\n\n<div class=\"wp-block-column is-layout-flow wp-block-column-is-layout-flow\">\n<figure class=\"wp-block-image size-large is-resized\"><a href=\"https:\/\/afb26.org\/?page_id=1828\"><img loading=\"lazy\" decoding=\"async\" width=\"1024\" height=\"1024\" src=\"https:\/\/afb26.org\/wp-content\/uploads\/2023\/03\/Pour-regler-sa-facture-1024x1024.png\" alt=\"\" class=\"wp-image-3315\" style=\"object-fit:cover;width:145px;height:145px\" srcset=\"https:\/\/afb26.org\/wp-content\/uploads\/2023\/03\/Pour-regler-sa-facture-1024x1024.png 1024w, https:\/\/afb26.org\/wp-content\/uploads\/2023\/03\/Pour-regler-sa-facture-300x300.png 300w, https:\/\/afb26.org\/wp-content\/uploads\/2023\/03\/Pour-regler-sa-facture-150x150.png 150w, https:\/\/afb26.org\/wp-content\/uploads\/2023\/03\/Pour-regler-sa-facture-768x768.png 768w, https:\/\/afb26.org\/wp-content\/uploads\/2023\/03\/Pour-regler-sa-facture.png 1181w\" sizes=\"auto, (max-width: 1024px) 100vw, 1024px\" \/><\/a><figcaption class=\"wp-element-caption\"><a href=\"https:\/\/afb26.org\/?page_id=1828\">Pour r\u00e9gler sa facture<\/a><\/figcaption><\/figure>\n<\/div>\n\n\n\n<div class=\"wp-block-column is-layout-flow wp-block-column-is-layout-flow\">\n<figure class=\"wp-block-image size-large is-resized\"><a href=\"https:\/\/afb26.org\/?page_id=752\"><img loading=\"lazy\" decoding=\"async\" width=\"1024\" height=\"1024\" src=\"https:\/\/afb26.org\/wp-content\/uploads\/2023\/03\/Reglement-interieur-1024x1024.png\" alt=\"\" class=\"wp-image-3313\" style=\"object-fit:cover;width:145px;height:145px\" srcset=\"https:\/\/afb26.org\/wp-content\/uploads\/2023\/03\/Reglement-interieur-1024x1024.png 1024w, https:\/\/afb26.org\/wp-content\/uploads\/2023\/03\/Reglement-interieur-300x300.png 300w, https:\/\/afb26.org\/wp-content\/uploads\/2023\/03\/Reglement-interieur-150x150.png 150w, https:\/\/afb26.org\/wp-content\/uploads\/2023\/03\/Reglement-interieur-768x768.png 768w, https:\/\/afb26.org\/wp-content\/uploads\/2023\/03\/Reglement-interieur.png 1181w\" sizes=\"auto, (max-width: 1024px) 100vw, 1024px\" \/><\/a><figcaption class=\"wp-element-caption\"><a href=\"https:\/\/afb26.org\/?page_id=752\">R\u00e8glement Int\u00e9rieur<\/a><\/figcaption><\/figure>\n<\/div>\n<\/div>\n\n\n\n<h2 class=\"wp-block-heading has-text-align-center\">Les enfants n\u2019ont pas fini de s\u2019amuser au Chat Bott\u00e9 !<\/h2>\n\n\n\n<p class=\"has-text-align-center\"><em>Pour tous renseignements compl\u00e9mentaires n&#8217;h\u00e9sitez pas \u00e0 nous contac<\/em>ter <em>au t\u00e9l\u00e9phone :<\/em><\/p>\n\n\n\n<p class=\"has-text-align-center\"><strong>04 75 27 68 24<\/strong><\/p>\n\n\n\n<p class=\"has-text-align-center\"><em>ou par mail :<\/em><\/p>\n\n\n\n<p class=\"has-text-align-center has-text-color\" style=\"color:#3081cc\"><strong><a href=\"mailto:responsable.alsh@afb26.org\" data-type=\"mailto\" data-id=\"mailto:responsable.alsh@afb26.org\">responsable.alsh<\/a>@afb26.org<\/strong><\/p>\n\n\n\n<div class=\"wp-block-columns is-layout-flex wp-container-core-columns-is-layout-9d6595d7 wp-block-columns-is-layout-flex\">\n<div class=\"wp-block-column is-layout-flow wp-block-column-is-layout-flow\"><div class=\"wp-block-image\">\n<figure class=\"aligncenter size-large is-resized\"><img loading=\"lazy\" decoding=\"async\" width=\"1024\" height=\"1024\" src=\"https:\/\/afb26.org\/wp-content\/uploads\/2025\/10\/Design-sans-titre3-1024x1024.png\" alt=\"\" class=\"wp-image-6868\" style=\"width:auto;height:400px\" srcset=\"https:\/\/afb26.org\/wp-content\/uploads\/2025\/10\/Design-sans-titre3-1024x1024.png 1024w, https:\/\/afb26.org\/wp-content\/uploads\/2025\/10\/Design-sans-titre3-300x300.png 300w, https:\/\/afb26.org\/wp-content\/uploads\/2025\/10\/Design-sans-titre3-150x150.png 150w, https:\/\/afb26.org\/wp-content\/uploads\/2025\/10\/Design-sans-titre3-768x768.png 768w, https:\/\/afb26.org\/wp-content\/uploads\/2025\/10\/Design-sans-titre3.png 1500w\" sizes=\"auto, (max-width: 1024px) 100vw, 1024px\" \/><\/figure>\n<\/div><\/div>\n\n\n\n<div class=\"wp-block-column is-layout-flow wp-block-column-is-layout-flow\">\t\t\t\t\t<script type=\"text\/javascript\">\n\t\t\t\t\t\tvar gCaptchaSibWidget;\n                        var onloadSibCallbackInvisible = function () {\n\n                            var element = document.getElementsByClassName('sib-default-btn');\n                            var countInvisible = 0;\n                            var indexArray = [];\n                            jQuery('.sib-default-btn').each(function (index, el) {\n                                if ((jQuery(el).attr('id') == \"invisible\")) {\n                                    indexArray[countInvisible] = index;\n                                    countInvisible++\n                                }\n                            });\n\n                            jQuery('.invi-recaptcha').each(function (index, el) {\n                                grecaptcha.render(element[indexArray[index]], {\n                                    'sitekey': jQuery(el).attr('data-sitekey'),\n                                    'callback': sibVerifyCallback,\n                                });\n                            });\n                        };\n\t\t\t\t\t<\/script>\n\t\t\t\t\t                <script src=\"https:\/\/www.google.com\/recaptcha\/api.js?onload=onloadSibCallbackInvisible&render=explicit\" async defer><\/script>\n\t\t\t\t\n\t\t\t<form id=\"sib_signup_form_2\" method=\"post\" class=\"sib_signup_form\">\n\t\t\t\t<div class=\"sib_loader\" style=\"display:none;\"><img\n\t\t\t\t\t\t\tsrc=\"https:\/\/afb26.org\/wp-includes\/images\/spinner.gif\" alt=\"loader\"><\/div>\n\t\t\t\t<input type=\"hidden\" name=\"sib_form_action\" value=\"subscribe_form_submit\">\n\t\t\t\t<input type=\"hidden\" name=\"sib_form_id\" value=\"2\">\n                <input type=\"hidden\" name=\"sib_form_alert_notice\" value=\"Remplissez ce champ s\u2019il vous pla\u00eet\">\n                <input type=\"hidden\" name=\"sib_form_invalid_email_notice\" value=\"Cette adresse email n&#039;est pas valide\">\n                <input type=\"hidden\" name=\"sib_security\" value=\"8b2445f4f2\">\n\t\t\t\t<div class=\"sib_signup_box_inside_2\">\n\t\t\t\t\t<div style=\"\/*display:none*\/\" class=\"sib_msg_disp\">\n\t\t\t\t\t<\/div>\n                                            <div id=\"sib_captcha_invisible\" class=\"invi-recaptcha\" data-sitekey=\"6LdtOWosAAAAAEnkj5pZ2VC79CFOuDPVgM0waAkf\"><\/div>\n                    \t\t\t\t\t<p>Votre adresse mail sera utilis\u00e9e uniquement pour  vous envoyer notre lettre d'information et des informations sur les activit\u00e9s de l'Association Familiale des Baronnies. Vous pouvez vous d\u00e9sabonner \u00e0 tout moment gr\u00e2ce au lien de d\u00e9sabonnement figurant en bas de la lettre d'information.<\/p>\r\n<p class=\"sib-email-area\">\r\n    Email\r\n    <input type=\"email\" class=\"sib-email-area\" name=\"email\" required=\"required\">\r\n<\/p>\r\n<p class=\"sib-FIRSTNAME-area\">\r\n    Pr\u00e9nom\r\n    <input type=\"text\" class=\"sib-FIRSTNAME-area\" name=\"FIRSTNAME\">\r\n<\/p>\r\n<p class=\"sib-LASTNAME-area\">\r\n    Nom\r\n    <input type=\"text\" class=\"sib-LASTNAME-area\" name=\"LASTNAME\">\r\n<\/p>\r\n<p>\r\n    <input type=\"submit\" id=\"invisible\" class=\"sib-default-btn\" value=\"Je m'inscris \u00e0 la lettre d'infos du Chat Bott\u00e9\">\r\n<\/p>\r\n\t\t\t\t<\/div>\n\t\t\t<\/form>\n\t\t\t<style>\n\t\t\t\tform#sib_signup_form_2 { padding: 5px; -moz-box-sizing:border-box; -webkit-box-sizing: border-box; box-sizing: border-box; } form#sib_signup_form_2 input[type=text],form#sib_signup_form_2 input[type=email], form#sib_signup_form_2 select { width: 100%; border: 1px solid #bbb; height: auto; margin: 5px 0 0 0; } form#sib_signup_form_2 .sib-default-btn { margin: 5px 0; padding: 6px 12px; color:#fff; background-color: #333; border-color: #2E2E2E; font-size: 14px; font-weight:400; line-height: 1.4285; text-align: center; cursor: pointer; vertical-align: middle; -webkit-user-select:none; -moz-user-select:none; -ms-user-select:none; user-select:none; white-space: normal; border:1px solid transparent; border-radius: 3px; } form#sib_signup_form_2 .sib-default-btn:hover { background-color: #444; } form#sib_signup_form_2 p{ margin: 10px 0 0 0; }form#sib_signup_form_2 p.sib-alert-message {\n    padding: 6px 12px;\n    margin-bottom: 20px;\n    border: 1px solid transparent;\n    border-radius: 4px;\n    -webkit-box-sizing: border-box;\n    -moz-box-sizing: border-box;\n    box-sizing: border-box;\n}\nform#sib_signup_form_2 p.sib-alert-message-error {\n    background-color: #f2dede;\n    border-color: #ebccd1;\n    color: #a94442;\n}\nform#sib_signup_form_2 p.sib-alert-message-success {\n    background-color: #dff0d8;\n    border-color: #d6e9c6;\n    color: #3c763d;\n}\nform#sib_signup_form_2 p.sib-alert-message-warning {\n    background-color: #fcf8e3;\n    border-color: #faebcc;\n    color: #8a6d3b;\n}\n\t\t\t<\/style>\n\t\t\t\n<\/div>\n\n\n\n<div class=\"wp-block-column is-layout-flow wp-block-column-is-layout-flow\">\n<p><\/p>\n\n\n\n<p><\/p>\n\n\n\n<p class=\"has-text-align-center has-huge-font-size\"><strong>Inscrivez vous<br>pour recevoir toutes les infos<\/strong><br><strong>de l&#8217;Accueil de Loisirs <br>Le Chat Bott\u00e9<\/strong><\/p>\n<\/div>\n<\/div>\n<\/div>\n<\/div>\n\n\n\n<h2 class=\"wp-block-heading\" id=\"a-decouvrir-aussi\">A d\u00e9couvrir aussi&#8230;<\/h2>\n\n\n\n<div class=\"wp-block-columns alignwide is-layout-flex wp-container-core-columns-is-layout-9d6595d7 wp-block-columns-is-layout-flex\">\n<div class=\"wp-block-column is-layout-flow wp-block-column-is-layout-flow\"><div class=\"wp-block-image\">\n<figure class=\"alignleft size-medium\"><a href=\"https:\/\/afb26.org\/?page_id=747\"><img loading=\"lazy\" decoding=\"async\" width=\"300\" height=\"300\" src=\"https:\/\/afb26.org\/wp-content\/uploads\/2024\/10\/Design-sans-titre4-300x300.png\" alt=\"\" class=\"wp-image-5348\" srcset=\"https:\/\/afb26.org\/wp-content\/uploads\/2024\/10\/Design-sans-titre4-300x300.png 300w, https:\/\/afb26.org\/wp-content\/uploads\/2024\/10\/Design-sans-titre4-1024x1024.png 1024w, https:\/\/afb26.org\/wp-content\/uploads\/2024\/10\/Design-sans-titre4-150x150.png 150w, https:\/\/afb26.org\/wp-content\/uploads\/2024\/10\/Design-sans-titre4-768x768.png 768w, https:\/\/afb26.org\/wp-content\/uploads\/2024\/10\/Design-sans-titre4.png 1080w\" sizes=\"auto, (max-width: 300px) 100vw, 300px\" \/><\/a><figcaption class=\"wp-element-caption\"><a href=\"https:\/\/afb26.org\/?page_id=747\">Le Chat Bott\u00e9,<\/a><br><a href=\"https:\/\/afb26.org\/?page_id=747\"> qu&#8217;est-ce que c&#8217;est ?<\/a><\/figcaption><\/figure>\n<\/div><\/div>\n\n\n\n<div class=\"wp-block-column is-layout-flow wp-block-column-is-layout-flow\"><div class=\"wp-block-image\">\n<figure class=\"alignleft size-medium\"><a href=\"https:\/\/afb26.org\/?page_id=777\"><img loading=\"lazy\" decoding=\"async\" width=\"300\" height=\"300\" src=\"https:\/\/afb26.org\/wp-content\/uploads\/2024\/10\/Design-sans-titre1-300x300.png\" alt=\"\" class=\"wp-image-5328\" srcset=\"https:\/\/afb26.org\/wp-content\/uploads\/2024\/10\/Design-sans-titre1-300x300.png 300w, https:\/\/afb26.org\/wp-content\/uploads\/2024\/10\/Design-sans-titre1-1024x1024.png 1024w, https:\/\/afb26.org\/wp-content\/uploads\/2024\/10\/Design-sans-titre1-150x150.png 150w, https:\/\/afb26.org\/wp-content\/uploads\/2024\/10\/Design-sans-titre1-768x768.png 768w, https:\/\/afb26.org\/wp-content\/uploads\/2024\/10\/Design-sans-titre1.png 1080w\" sizes=\"auto, (max-width: 300px) 100vw, 300px\" \/><\/a><figcaption class=\"wp-element-caption\"><a href=\"https:\/\/afb26.org\/?page_id=777\">Une journ\u00e9e <\/a><br><a href=\"https:\/\/afb26.org\/?page_id=777\">au Chat Bott\u00e9<\/a><\/figcaption><\/figure>\n<\/div><\/div>\n\n\n\n<div class=\"wp-block-column is-vertically-aligned-bottom is-layout-flow wp-block-column-is-layout-flow\"><div class=\"wp-block-image\">\n<figure class=\"alignleft size-medium\"><a href=\"https:\/\/afb26.org\/?page_id=837\"><img loading=\"lazy\" decoding=\"async\" width=\"300\" height=\"300\" src=\"https:\/\/afb26.org\/wp-content\/uploads\/2025\/04\/Projet-Pedagogique-300x300.png\" alt=\"\" class=\"wp-image-5921\" srcset=\"https:\/\/afb26.org\/wp-content\/uploads\/2025\/04\/Projet-Pedagogique-300x300.png 300w, https:\/\/afb26.org\/wp-content\/uploads\/2025\/04\/Projet-Pedagogique-150x150.png 150w, https:\/\/afb26.org\/wp-content\/uploads\/2025\/04\/Projet-Pedagogique.png 600w\" sizes=\"auto, (max-width: 300px) 100vw, 300px\" \/><\/a><figcaption class=\"wp-element-caption\"><a href=\"https:\/\/afb26.org\/?page_id=837\">Projet P\u00e9dagogique<\/a><\/figcaption><\/figure>\n<\/div><\/div>\n\n\n\n<div class=\"wp-block-column is-layout-flow wp-block-column-is-layout-flow\">\n<figure class=\"wp-block-image size-full\"><a href=\"https:\/\/afb26.org\/?page_id=1841\"><img loading=\"lazy\" decoding=\"async\" width=\"600\" height=\"600\" src=\"https:\/\/afb26.org\/wp-content\/uploads\/2025\/04\/separation.png\" alt=\"\" class=\"wp-image-5922\" srcset=\"https:\/\/afb26.org\/wp-content\/uploads\/2025\/04\/separation.png 600w, https:\/\/afb26.org\/wp-content\/uploads\/2025\/04\/separation-300x300.png 300w, https:\/\/afb26.org\/wp-content\/uploads\/2025\/04\/separation-150x150.png 150w\" sizes=\"auto, (max-width: 600px) 100vw, 600px\" \/><\/a><figcaption class=\"wp-element-caption\"><a href=\"https:\/\/afb26.org\/?page_id=1841\">La Caf, un acteur cl\u00e9 en cas de s\u00e9paration<\/a><\/figcaption><\/figure>\n<\/div>\n\n\n\n<div class=\"wp-block-column is-layout-flow wp-block-column-is-layout-flow\">\n<figure class=\"wp-block-image size-full\"><a href=\"https:\/\/afb26.org\/?page_id=1844\"><img loading=\"lazy\" decoding=\"async\" width=\"600\" height=\"600\" src=\"https:\/\/afb26.org\/wp-content\/uploads\/2025\/04\/Parentalite-mon-amour.png\" alt=\"\" class=\"wp-image-5923\" srcset=\"https:\/\/afb26.org\/wp-content\/uploads\/2025\/04\/Parentalite-mon-amour.png 600w, https:\/\/afb26.org\/wp-content\/uploads\/2025\/04\/Parentalite-mon-amour-300x300.png 300w, https:\/\/afb26.org\/wp-content\/uploads\/2025\/04\/Parentalite-mon-amour-150x150.png 150w\" sizes=\"auto, (max-width: 600px) 100vw, 600px\" \/><\/a><figcaption class=\"wp-element-caption\"><a href=\"https:\/\/afb26.org\/?page_id=1844\">Parentalit\u00e9 mon amour<\/a><\/figcaption><\/figure>\n<\/div>\n<\/div>\n\n\n<style>.kt-svg-icons688_f441ce-f7 .kt-svg-item-0 .kb-svg-icon-wrap{color:var(--global-palette4, #2D3748);font-size:50px;}.wp-block-kadence-icon.kt-svg-icons688_f441ce-f7{justify-content:center;}<\/style>\n<div class=\"wp-block-kadence-icon kt-svg-icons kt-svg-icons688_f441ce-f7 alignnone\"><style>.kt-svg-item-688_92d86d-93 .kb-svg-icon-wrap, .kt-svg-style-stacked.kt-svg-item-688_92d86d-93 .kb-svg-icon-wrap{font-size:50px;}<\/style>\n<div class=\"wp-block-kadence-single-icon kt-svg-style-default kt-svg-icon-wrap kt-svg-item-688_92d86d-93\"><span class=\"kb-svg-icon-wrap kb-svg-icon-fe_aperture\"><svg viewBox=\"0 0 24 24\"  fill=\"none\" stroke=\"currentColor\" stroke-width=\"2\" stroke-linecap=\"round\" stroke-linejoin=\"round\" xmlns=\"http:\/\/www.w3.org\/2000\/svg\"  aria-hidden=\"true\"><circle cx=\"12\" cy=\"12\" r=\"10\"\/><line x1=\"14.31\" y1=\"8\" x2=\"20.05\" y2=\"17.94\"\/><line x1=\"9.69\" y1=\"8\" x2=\"21.17\" y2=\"8\"\/><line x1=\"7.38\" y1=\"12\" x2=\"13.12\" y2=\"2.06\"\/><line x1=\"9.69\" y1=\"16\" x2=\"3.95\" y2=\"6.06\"\/><line x1=\"14.31\" y1=\"16\" x2=\"2.83\" y2=\"16\"\/><line x1=\"16.62\" y1=\"12\" x2=\"10.88\" y2=\"21.94\"\/><\/svg><\/span><\/div>\n<\/div>\n","protected":false},"excerpt":{"rendered":"<p>Accueil de loisirs pour les enfants de 4 \u00e0 11 ans Les enfants n\u2019ont pas fini de s\u2019amuser au Chat Bott\u00e9 ! Pour tous renseignements compl\u00e9mentaires n&#8217;h\u00e9sitez pas \u00e0 nous contacter au t\u00e9l\u00e9phone : 04 75 27 68 24 ou par mail : responsable.alsh@afb26.org Inscrivez vouspour recevoir toutes les infosde l&#8217;Accueil de Loisirs Le Chat &hellip;<\/p>\n","protected":false},"author":5,"featured_media":0,"parent":6049,"menu_order":2,"comment_status":"closed","ping_status":"closed","template":"","meta":{"footnotes":""},"class_list":["post-688","page","type-page","status-publish","hentry"],"_links":{"self":[{"href":"https:\/\/afb26.org\/index.php?rest_route=\/wp\/v2\/pages\/688","targetHints":{"allow":["GET"]}}],"collection":[{"href":"https:\/\/afb26.org\/index.php?rest_route=\/wp\/v2\/pages"}],"about":[{"href":"https:\/\/afb26.org\/index.php?rest_route=\/wp\/v2\/types\/page"}],"author":[{"embeddable":true,"href":"https:\/\/afb26.org\/index.php?rest_route=\/wp\/v2\/users\/5"}],"replies":[{"embeddable":true,"href":"https:\/\/afb26.org\/index.php?rest_route=%2Fwp%2Fv2%2Fcomments&post=688"}],"version-history":[{"count":93,"href":"https:\/\/afb26.org\/index.php?rest_route=\/wp\/v2\/pages\/688\/revisions"}],"predecessor-version":[{"id":7312,"href":"https:\/\/afb26.org\/index.php?rest_route=\/wp\/v2\/pages\/688\/revisions\/7312"}],"up":[{"embeddable":true,"href":"https:\/\/afb26.org\/index.php?rest_route=\/wp\/v2\/pages\/6049"}],"wp:attachment":[{"href":"https:\/\/afb26.org\/index.php?rest_route=%2Fwp%2Fv2%2Fmedia&parent=688"}],"curies":[{"name":"wp","href":"https:\/\/api.w.org\/{rel}","templated":true}]}}