{"id":690,"date":"2022-01-10T17:25:58","date_gmt":"2022-01-10T16:25:58","guid":{"rendered":"http:\/\/afb26.org\/?page_id=690"},"modified":"2022-04-05T15:50:47","modified_gmt":"2022-04-05T13:50:47","slug":"contacts-2","status":"publish","type":"page","link":"https:\/\/afb26.org\/?page_id=690","title":{"rendered":"Contacts et informations"},"content":{"rendered":"\n<p>Pour tous renseignements, r\u00e9servations, etc&#8230;<\/p>\n\n\n\n<p><strong>04 75 27 68 24<\/strong> (n&#8217;h\u00e9sitez pas \u00e0 laisser un message!) ou<\/p>\n\n\n\n<p class=\"has-text-color\" style=\"color:#3081cc\"><strong><a href=\"mailto:responsable.alsh@afb26.org\" data-type=\"mailto\" data-id=\"mailto:responsable.alsh@afb26.org\">responsable.alsh@afb26.org<\/a> <\/strong><\/p>\n\n\n\n<p>Une r\u00e9ponse vous sera syst\u00e9matiquement adress\u00e9e, si vous n&#8217;avez pas de retour \u00e0 votre mail c&#8217;est qu&#8217;il y a un bug !<\/p>\n","protected":false},"excerpt":{"rendered":"<p>Pour tous renseignements, r\u00e9servations, etc&#8230; 04 75 27 68 24 (n&#8217;h\u00e9sitez pas \u00e0 laisser un message!) ou responsable.alsh@afb26.org Une r\u00e9ponse vous sera syst\u00e9matiquement adress\u00e9e, si vous n&#8217;avez pas de retour \u00e0 votre mail c&#8217;est qu&#8217;il y a un bug !<\/p>\n","protected":false},"author":5,"featured_media":0,"parent":237,"menu_order":5,"comment_status":"closed","ping_status":"closed","template":"","meta":{"footnotes":""},"class_list":["post-690","page","type-page","status-publish","hentry"],"_links":{"self":[{"href":"https:\/\/afb26.org\/index.php?rest_route=\/wp\/v2\/pages\/690","targetHints":{"allow":["GET"]}}],"collection":[{"href":"https:\/\/afb26.org\/index.php?rest_route=\/wp\/v2\/pages"}],"about":[{"href":"https:\/\/afb26.org\/index.php?rest_route=\/wp\/v2\/types\/page"}],"author":[{"embeddable":true,"href":"https:\/\/afb26.org\/index.php?rest_route=\/wp\/v2\/users\/5"}],"replies":[{"embeddable":true,"href":"https:\/\/afb26.org\/index.php?rest_route=%2Fwp%2Fv2%2Fcomments&post=690"}],"version-history":[{"count":10,"href":"https:\/\/afb26.org\/index.php?rest_route=\/wp\/v2\/pages\/690\/revisions"}],"predecessor-version":[{"id":2259,"href":"https:\/\/afb26.org\/index.php?rest_route=\/wp\/v2\/pages\/690\/revisions\/2259"}],"up":[{"embeddable":true,"href":"https:\/\/afb26.org\/index.php?rest_route=\/wp\/v2\/pages\/237"}],"wp:attachment":[{"href":"https:\/\/afb26.org\/index.php?rest_route=%2Fwp%2Fv2%2Fmedia&parent=690"}],"curies":[{"name":"wp","href":"https:\/\/api.w.org\/{rel}","templated":true}]}}