{"id":747,"date":"2022-01-11T15:42:23","date_gmt":"2022-01-11T14:42:23","guid":{"rendered":"http:\/\/afb26.org\/?page_id=747"},"modified":"2026-02-13T10:44:49","modified_gmt":"2026-02-13T09:44:49","slug":"le-chat-botte-quest-ce-que-cest","status":"publish","type":"page","link":"https:\/\/afb26.org\/?page_id=747","title":{"rendered":"Le Chat Bott\u00e9 qu&#8217;est-ce que c&#8217;est ?"},"content":{"rendered":"\n<h2 class=\"wp-block-heading\">Le Chat Bott\u00e9 qu&#8217;est-ce que c&#8217;est ?<\/h2>\n\n\n\n<p class=\"has-text-align-center\"><strong>Accueil de loisirs pour les enfants de 4 \u00e0 11 ans &#8211; mercredis et vacances scolaires<\/strong><\/p>\n\n\n\n<p class=\"has-text-align-center\"><strong>de 7h45 \u00e0 18h00 \u2013 en demi-journ\u00e9e ou journ\u00e9e compl\u00e8te, avec ou sans le repas<\/strong><\/p>\n\n\n\n<p>Le Chat Bott\u00e9 est pens\u00e9 comme un lieu de loisirs et d&#8217;\u00e9panouissement. Un lieu d\u00e9di\u00e9 aux relations humaines et \u00e0 la vie en collectivit\u00e9 et en soci\u00e9t\u00e9.<\/p>\n\n\n\n<p>Une structure dans laquelle l&#8217;\u00e9quipe d&#8217;animation s&#8217;implique pour atteindre des objectifs fix\u00e9s.<\/p>\n\n\n\n<p>Un cadre s\u00e9curis\u00e9 pour les enfants dans lequel chacun peut grandir, \u00e9voluer et faire des exp\u00e9riences, des d\u00e9couvertes.<\/p>\n\n\n\n<p>Le bien-\u00eatre de l&#8217;enfant et l&#8217;\u00e9coute de sa famille sont nos pr\u00e9occupations principales. Nous sommes une structure ouverte, portant une volont\u00e9 de communiquer et de transparence. Nous organisons nos actions autour d&#8217;un r\u00e8glement int\u00e9rieur, cadre n\u00e9cessaire \u00e0 l&#8217;\u00e9galit\u00e9 pour tous et \u00e0 la justice entre chaque famille accueillie.<\/p>\n\n\n\n<p>Le fonctionnement et le r\u00e8glement de chaque p\u00e9riode d&#8217;accueil sont pens\u00e9s collectivement par l&#8217;\u00e9quipe d&#8217;encadrement. Chacun de ses membres l&#8217;incarne et l&#8217;applique.<\/p>\n\n\n\n<p class=\"has-text-align-center\"><strong><em>Le centre de Loisirs est ferm\u00e9 pendant les vacances de fin d&#8217;ann\u00e9e.<\/em><\/strong><\/p>\n\n\n\n<p><em>Pour des renseignements suppl\u00e9mentaires ou une inscription, n&#8217;h\u00e9sitez pas \u00e0 venir nous rencontrer ou \u00e0 nous contacter par t\u00e9l\u00e9phone au 04 75 27 68 24<\/em> <em>ou par mail responsable.alsh@afb26.org<\/em><\/p>\n\n\n\n<p><\/p>\n","protected":false},"excerpt":{"rendered":"<p>Le Chat Bott\u00e9 qu&#8217;est-ce que c&#8217;est ? Accueil de loisirs pour les enfants de 4 \u00e0 11 ans &#8211; mercredis et vacances scolaires de 7h45 \u00e0 18h00 \u2013 en demi-journ\u00e9e ou journ\u00e9e compl\u00e8te, avec ou sans le repas Le Chat Bott\u00e9 est pens\u00e9 comme un lieu de loisirs et d&#8217;\u00e9panouissement. Un lieu d\u00e9di\u00e9 aux relations &hellip;<\/p>\n","protected":false},"author":5,"featured_media":0,"parent":688,"menu_order":1,"comment_status":"closed","ping_status":"closed","template":"","meta":{"footnotes":""},"class_list":["post-747","page","type-page","status-publish","hentry"],"_links":{"self":[{"href":"https:\/\/afb26.org\/index.php?rest_route=\/wp\/v2\/pages\/747","targetHints":{"allow":["GET"]}}],"collection":[{"href":"https:\/\/afb26.org\/index.php?rest_route=\/wp\/v2\/pages"}],"about":[{"href":"https:\/\/afb26.org\/index.php?rest_route=\/wp\/v2\/types\/page"}],"author":[{"embeddable":true,"href":"https:\/\/afb26.org\/index.php?rest_route=\/wp\/v2\/users\/5"}],"replies":[{"embeddable":true,"href":"https:\/\/afb26.org\/index.php?rest_route=%2Fwp%2Fv2%2Fcomments&post=747"}],"version-history":[{"count":8,"href":"https:\/\/afb26.org\/index.php?rest_route=\/wp\/v2\/pages\/747\/revisions"}],"predecessor-version":[{"id":7310,"href":"https:\/\/afb26.org\/index.php?rest_route=\/wp\/v2\/pages\/747\/revisions\/7310"}],"up":[{"embeddable":true,"href":"https:\/\/afb26.org\/index.php?rest_route=\/wp\/v2\/pages\/688"}],"wp:attachment":[{"href":"https:\/\/afb26.org\/index.php?rest_route=%2Fwp%2Fv2%2Fmedia&parent=747"}],"curies":[{"name":"wp","href":"https:\/\/api.w.org\/{rel}","templated":true}]}}