{"id":763,"date":"2022-01-11T16:13:53","date_gmt":"2022-01-11T15:13:53","guid":{"rendered":"http:\/\/afb26.org\/?page_id=763"},"modified":"2023-11-24T15:45:02","modified_gmt":"2023-11-24T14:45:02","slug":"tarifs-et-horaires","status":"publish","type":"page","link":"https:\/\/afb26.org\/?page_id=763","title":{"rendered":"Tarifs et horaires"},"content":{"rendered":"\n<h5 class=\"wp-block-heading\">En p\u00e9riode scolaire, le bureau d&#8217;accueil est ouvert <\/h5>\n\n\n\n<p>Du lundi au jeudi de 9h \u00e0 12h et de 14h \u00e0 17h<\/p>\n\n\n\n<h5 class=\"wp-block-heading\">En p\u00e9riode de vacances, le bureau d&#8217;accueil est ouvert <\/h5>\n\n\n\n<p>Du lundi au vendredi de 8h30 \u00e0 11h30 et de 14h30 \u00e0 17h30<\/p>\n\n\n\n<h5 class=\"wp-block-heading\">Les tarifs de l&#8217;accueil de loisir<\/h5>\n\n\n\n<p>Le tarif appliqu\u00e9 d\u00e9pend de votre quotient familial :<\/p>\n\n\n\n<figure class=\"wp-block-table\"><table><tbody><tr><td>Quotient Familial<\/td><td>1\/2 journ\u00e9e<\/td><td>1journ\u00e9e<\/td><\/tr><tr><td>0 &#8211; 305<\/td><td>2,75 \u20ac<\/td><td>5,50 \u20ac<\/td><\/tr><tr><td>306 &#8211; 533<\/td><td>3,25 \u20ac<\/td><td>6,50 \u20ac<\/td><\/tr><tr><td>534 &#8211; 762<\/td><td>3,75 \u20ac<\/td><td>7,50 \u20ac<\/td><\/tr><tr><td>763 &#8211; 900<\/td><td>4,25 \u20ac<\/td><td>8,50 \u20ac<\/td><\/tr><tr><td>901 &#8211; 1100<\/td><td>4,75 \u20ac<\/td><td>9,50 \u20ac<\/td><\/tr><tr><td>1101 &#8211; 1400<\/td><td>5,25 \u20ac<\/td><td>10,50 \u20ac<\/td><\/tr><tr><td>1401 et +<\/td><td>5,75 \u20ac<\/td><td>11,50 \u20ac<\/td><\/tr><\/tbody><\/table><\/figure>\n\n\n\n<p>Un repas est factur\u00e9 4,40 \u20ac<\/p>\n\n\n\n<p>Pour participer aux activit\u00e9s de l&#8217;Association Familiale des Baronnies, une adh\u00e9sion est n\u00e9cessaire. Elle est de 20\u20ac pour toute la famille et sera renouvel\u00e9e chaque ann\u00e9e.<\/p>\n\n\n\n<p>Les factures sont envoy\u00e9es \u00e0 la fin de chaque p\u00e9riode de vacances, tous les mois en \u00e9t\u00e9 et pour les mercredis.<\/p>\n\n\n\n<p>Les r\u00e8glements peuvent s&#8217;effectuer par virement ou ch\u00e8que bancaire, ch\u00e8que vacances, tickets CESU ou en esp\u00e8ce.<\/p>\n","protected":false},"excerpt":{"rendered":"<p>En p\u00e9riode scolaire, le bureau d&#8217;accueil est ouvert Du lundi au jeudi de 9h \u00e0 12h et de 14h \u00e0 17h En p\u00e9riode de vacances, le bureau d&#8217;accueil est ouvert Du lundi au vendredi de 8h30 \u00e0 11h30 et de 14h30 \u00e0 17h30 Les tarifs de l&#8217;accueil de loisir Le tarif appliqu\u00e9 d\u00e9pend de votre &hellip;<\/p>\n","protected":false},"author":5,"featured_media":0,"parent":237,"menu_order":1,"comment_status":"closed","ping_status":"closed","template":"","meta":{"footnotes":""},"class_list":["post-763","page","type-page","status-publish","hentry"],"_links":{"self":[{"href":"https:\/\/afb26.org\/index.php?rest_route=\/wp\/v2\/pages\/763","targetHints":{"allow":["GET"]}}],"collection":[{"href":"https:\/\/afb26.org\/index.php?rest_route=\/wp\/v2\/pages"}],"about":[{"href":"https:\/\/afb26.org\/index.php?rest_route=\/wp\/v2\/types\/page"}],"author":[{"embeddable":true,"href":"https:\/\/afb26.org\/index.php?rest_route=\/wp\/v2\/users\/5"}],"replies":[{"embeddable":true,"href":"https:\/\/afb26.org\/index.php?rest_route=%2Fwp%2Fv2%2Fcomments&post=763"}],"version-history":[{"count":12,"href":"https:\/\/afb26.org\/index.php?rest_route=\/wp\/v2\/pages\/763\/revisions"}],"predecessor-version":[{"id":4476,"href":"https:\/\/afb26.org\/index.php?rest_route=\/wp\/v2\/pages\/763\/revisions\/4476"}],"up":[{"embeddable":true,"href":"https:\/\/afb26.org\/index.php?rest_route=\/wp\/v2\/pages\/237"}],"wp:attachment":[{"href":"https:\/\/afb26.org\/index.php?rest_route=%2Fwp%2Fv2%2Fmedia&parent=763"}],"curies":[{"name":"wp","href":"https:\/\/api.w.org\/{rel}","templated":true}]}}